{"id":3288,"date":"2021-05-05T06:17:12","date_gmt":"2021-05-05T06:17:12","guid":{"rendered":"https:\/\/www.caceriascampodemontiel.com\/driven-red-partridge-shooting\/"},"modified":"2023-12-20T10:03:28","modified_gmt":"2023-12-20T10:03:28","slug":"driven-red-partridge-shooting","status":"publish","type":"page","link":"https:\/\/www.caceriascampodemontiel.com\/en\/driven-red-partridge-shooting\/","title":{"rendered":"Driven red partridge shooting"},"content":{"rendered":"\n<div class=\"wp-block-cover\"><img loading=\"lazy\" decoding=\"async\" width=\"1920\" height=\"624\" class=\"wp-block-cover__image-background wp-image-1747\" alt=\"\" src=\"https:\/\/www.caceriascampodemontiel.com\/wp-content\/uploads\/2021\/03\/Slide-ojeo-de-perdiz-roja.jpg\" style=\"object-position:56% 0%\" data-object-fit=\"cover\" data-object-position=\"56% 0%\" srcset=\"https:\/\/www.caceriascampodemontiel.com\/wp-content\/uploads\/2021\/03\/Slide-ojeo-de-perdiz-roja.jpg 1920w, https:\/\/www.caceriascampodemontiel.com\/wp-content\/uploads\/2021\/03\/Slide-ojeo-de-perdiz-roja-300x98.jpg 300w, https:\/\/www.caceriascampodemontiel.com\/wp-content\/uploads\/2021\/03\/Slide-ojeo-de-perdiz-roja-1024x333.jpg 1024w, https:\/\/www.caceriascampodemontiel.com\/wp-content\/uploads\/2021\/03\/Slide-ojeo-de-perdiz-roja-768x250.jpg 768w, https:\/\/www.caceriascampodemontiel.com\/wp-content\/uploads\/2021\/03\/Slide-ojeo-de-perdiz-roja-1536x499.jpg 1536w\" sizes=\"auto, (max-width: 1920px) 100vw, 1920px\" \/><div class=\"wp-block-cover__inner-container is-layout-flow wp-block-cover-is-layout-flow\">\n<h1 class=\"has-text-align-center wp-block-heading\">Driven red partridge shooting<\/h1>\n<\/div><\/div>\n\n<div class=\"wp-block-columns is-layout-flex wp-container-core-columns-is-layout-9d6595d7 wp-block-columns-is-layout-flex\">\n<div class=\"wp-block-column is-layout-flow wp-block-column-is-layout-flow\">\n<div class=\"wp-block-columns is-layout-flex wp-container-core-columns-is-layout-9d6595d7 wp-block-columns-is-layout-flex\">\n<div class=\"wp-block-column is-layout-flow wp-block-column-is-layout-flow\">\n<h2 class=\"wp-block-heading\">We have more than 80 different combinations of driven red partridge shooting, without repeating the same hunting area. In a driven red partridge shooting the necessary personnel (depending on the quota for each hunt) is from 50 to 80 people.<\/h2>\n\n\n\n<p><strong>Ojeos llanos tradicionales<\/strong> donde la perdiz ha de remontar con bravura por encima de los puestos, con vuelos de alt\u00edsima calidad, recomendable para todos los niveles de cazadores.<\/p>\n\n\n\n<p><strong>Ojeos con ondulaciones medias y peque\u00f1os quebrados o barrancos<\/strong>, muy aconsejables para cazadores medios, donde la perdiz entra muy r\u00e1pida sorprendiendo al tirador, pero a la vez con gran oportunidad de visi\u00f3n para acontecer el vuelo de la perdiz.<\/p>\n\n\n\n<p><strong>Ojeos con grandes quebrados o barrancos<\/strong>, recomendados \u00fanicamente para cazadores profesionales y exigentes, con vuelos de altura entre 60-100 metros donde la perdiz y cazador se baten en duelo. En este tipo de ojeos, las perdices suelen entrar muy altas, incluso a veces mucha perdiz entra fuera de tiro\u2026, por lo que solo se dar\u00e1n este tipo de ojeos con cazadores experimentados, tratando en lo posible de realizar tiros acertados para as\u00ed no dejar caza herida que d\u00edas posteriores morir\u00e1.<\/p>\n<\/div>\n\n\n\n<div class=\"wp-block-column is-layout-flow wp-block-column-is-layout-flow\"><div class=\"wp-block-nextend-smartslider3\"><\/div>\r\n<\/div>\n<\/div>\n<\/div>\n<\/div>\n\n<div class=\"wp-block-columns align-items-center is-layout-flex wp-container-core-columns-is-layout-9d6595d7 wp-block-columns-is-layout-flex\">\n<div class=\"wp-block-column is-layout-flow wp-block-column-is-layout-flow\">\n<figure class=\"wp-block-image size-large\"><img loading=\"lazy\" decoding=\"async\" width=\"690\" height=\"570\" src=\"https:\/\/www.caceriascampodemontiel.com\/wp-content\/uploads\/2021\/03\/ojeo-con-perdiz-roja-02.jpg\" alt=\"\" class=\"wp-image-614\" srcset=\"https:\/\/www.caceriascampodemontiel.com\/wp-content\/uploads\/2021\/03\/ojeo-con-perdiz-roja-02.jpg 690w, https:\/\/www.caceriascampodemontiel.com\/wp-content\/uploads\/2021\/03\/ojeo-con-perdiz-roja-02-300x248.jpg 300w\" sizes=\"auto, (max-width: 690px) 100vw, 690px\" \/><\/figure>\n<\/div>\n\n\n\n<div class=\"wp-block-column is-layout-flow wp-block-column-is-layout-flow\">\n<h2 class=\"wp-block-heading\">They perform roles such as beaters, horse riders, secretaries with dogs, chargers, weapons, game rangers, 4&#215;4 drivers, waiters, cooks, hotel staff, and many more. Our red partridge shootings are done in a traditional style with wild partridges in the field, they are not released from a farm or similar facility.<\/h2>\n\n\n\n<p> <\/p>\n\n\n\n<p> <\/p>\n<\/div>\n<\/div>\n\n<div class=\"wp-block-columns align-items-center is-layout-flex wp-container-core-columns-is-layout-9d6595d7 wp-block-columns-is-layout-flex\">\n<div class=\"wp-block-column is-layout-flow wp-block-column-is-layout-flow\">\n<p> <\/p>\n\n\n\n<p> <\/p>\n<\/div>\n\n\n\n<div class=\"wp-block-column is-layout-flow wp-block-column-is-layout-flow\">\n<figure class=\"wp-block-image size-large\"><img loading=\"lazy\" decoding=\"async\" width=\"690\" height=\"570\" src=\"https:\/\/www.caceriascampodemontiel.com\/wp-content\/uploads\/2021\/03\/ojeo-con-perdiz-roja-03.jpg\" alt=\"\" class=\"wp-image-616\" srcset=\"https:\/\/www.caceriascampodemontiel.com\/wp-content\/uploads\/2021\/03\/ojeo-con-perdiz-roja-03.jpg 690w, https:\/\/www.caceriascampodemontiel.com\/wp-content\/uploads\/2021\/03\/ojeo-con-perdiz-roja-03-300x248.jpg 300w\" sizes=\"auto, (max-width: 690px) 100vw, 690px\" \/><\/figure>\n<\/div>\n<\/div>\n<div class=\"wp-block-nextend-smartslider3\"><\/div>\r\n\n<div class=\"wp-block-columns is-layout-flex wp-container-core-columns-is-layout-9d6595d7 wp-block-columns-is-layout-flex\">\n<div class=\"wp-block-column is-layout-flow wp-block-column-is-layout-flow\"><div class=\"wp-block-nextend-smartslider3\"><\/div>\r\n\n\n\n<p>Caza en ojeo de Perdiz Roja en Ciudad Real<\/p>\n<\/div>\n\n\n\n<div class=\"wp-block-column is-layout-flow wp-block-column-is-layout-flow\"><div class=\"wp-block-nextend-smartslider3\"><\/div>\r\n\n\n\n<p>Cacer\u00edas de perdices en ojeo tradicional en Ciudad Real<\/p>\n<\/div>\n\n\n\n<div class=\"wp-block-column is-layout-flow wp-block-column-is-layout-flow\"><div class=\"wp-block-nextend-smartslider3\"><\/div>\r\n\n\n\n<p>Ojeos de Perdiz Roja con cartuchos biodegradables<\/p>\n<\/div>\n<\/div>\n<section id=\"formulario-desea-cazar\">\n \t<div class=\"container\">\n\t\t<div class=\"row bloque-titular\">\n\t\t\t<div class=\"col-md-12 text-center\">\n\t\t\t\t<div class=\"titular\">\u00bfDesea cazar con nosotros?<\/div>\n\t\t\t\t<hr>\n\t\t\t\t<p class=\"text-center\">Facil\u00edtenos sus datos y nos pondremos en contacto con usted a la mayor brevedad posible.<\/p>\n\t\t\t<\/div>\n\t\t<\/div>\n\t\t<div class=\"formulario-caza\">\n\t\t\t\n<div class=\"wpcf7 no-js\" id=\"wpcf7-f3342-o1\" lang=\"en-EN\" dir=\"ltr\" data-wpcf7-id=\"3342\">\n<div class=\"screen-reader-response\"><p role=\"status\" aria-live=\"polite\" aria-atomic=\"true\"><\/p> <ul><\/ul><\/div>\n<form action=\"\/en\/wp-json\/wp\/v2\/pages\/3288#wpcf7-f3342-o1\" method=\"post\" class=\"wpcf7-form init\" aria-label=\"Contact form\" novalidate=\"novalidate\" data-status=\"init\">\n<div style=\"display: none;\">\n<input type=\"hidden\" name=\"_wpcf7\" value=\"3342\" \/>\n<input type=\"hidden\" name=\"_wpcf7_version\" value=\"6.0.6\" \/>\n<input type=\"hidden\" name=\"_wpcf7_locale\" value=\"en_EN\" \/>\n<input type=\"hidden\" name=\"_wpcf7_unit_tag\" value=\"wpcf7-f3342-o1\" \/>\n<input type=\"hidden\" name=\"_wpcf7_container_post\" value=\"0\" \/>\n<input type=\"hidden\" name=\"_wpcf7_posted_data_hash\" value=\"\" \/>\n<input type=\"hidden\" name=\"_wpcf7_recaptcha_response\" value=\"\" \/>\n<\/div>\n<div class=\"row\">\n\t<div class=\"col-md-4\">\n\t\t<p><span class=\"wpcf7-form-control-wrap\" data-name=\"your-name\"><input size=\"40\" maxlength=\"400\" class=\"wpcf7-form-control wpcf7-text wpcf7-validates-as-required\" aria-required=\"true\" aria-invalid=\"false\" placeholder=\"Name*\" value=\"\" type=\"text\" name=\"your-name\" \/><\/span>\n\t\t<\/p>\n\t<\/div>\n\t<div class=\"col-md-4\">\n\t\t<p><span class=\"wpcf7-form-control-wrap\" data-name=\"your-email\"><input size=\"40\" maxlength=\"400\" class=\"wpcf7-form-control wpcf7-email wpcf7-validates-as-required wpcf7-text wpcf7-validates-as-email\" aria-required=\"true\" aria-invalid=\"false\" placeholder=\"Surnames*\" value=\"\" type=\"email\" name=\"your-email\" \/><\/span>\n\t\t<\/p>\n\t<\/div>\n\t<div class=\"col-md-4\">\n\t\t<p><span class=\"wpcf7-form-control-wrap\" data-name=\"your-phone\"><input size=\"40\" maxlength=\"400\" class=\"wpcf7-form-control wpcf7-text wpcf7-validates-as-required\" aria-required=\"true\" aria-invalid=\"false\" placeholder=\"Telephone\" value=\"\" type=\"text\" name=\"your-phone\" \/><\/span>\n\t\t<\/p>\n\t<\/div>\n<\/div>\n<div class=\"row\">\n\t<div class=\"col-md-4\">\n\t\t<p><span class=\"wpcf7-form-control-wrap\" data-name=\"your-ciudad\"><input size=\"40\" maxlength=\"400\" class=\"wpcf7-form-control wpcf7-text wpcf7-validates-as-required\" aria-required=\"true\" aria-invalid=\"false\" placeholder=\"City*\" value=\"\" type=\"text\" name=\"your-ciudad\" \/><\/span>\n\t\t<\/p>\n\t<\/div>\n\t<div class=\"col-md-8\">\n\t\t<p><span class=\"wpcf7-form-control-wrap\" data-name=\"your-mensaje\"><input size=\"40\" maxlength=\"400\" class=\"wpcf7-form-control wpcf7-text\" aria-invalid=\"false\" placeholder=\"Message\" value=\"\" type=\"text\" name=\"your-mensaje\" \/><\/span>\n\t\t<\/p>\n\t<\/div>\n<\/div>\n<div class=\"row\">\n\t<div class=\"col-md-4 d-flex politica\">\n\t\t<p><span class=\"wpcf7-form-control-wrap\" data-name=\"politica\"><span class=\"wpcf7-form-control wpcf7-acceptance\"><span class=\"wpcf7-list-item\"><label><input type=\"checkbox\" name=\"politica\" value=\"1\" aria-invalid=\"false\" \/><span class=\"wpcf7-list-item-label\"><i><\/i> I have read and accept the<\/span><\/label><\/span><\/span><\/span><a href=\"#politica-de-privacidad\" data-toggle=\"modal\" data-target=\".bd-example-modal-lg\" target=\"_blank\">privacy policy<\/a>\n\t\t<\/p>\n\t<\/div>\n\t<div class=\"col-md-4\">\n\t\t<p>*Required fields.\n\t\t<\/p>\n\t<\/div>\n\t<div class=\"col-md-4 text-right\">\n\t\t<p><input class=\"wpcf7-form-control wpcf7-submit has-spinner btn\" type=\"submit\" value=\"Send questionnaire\" \/>\n\t\t<\/p>\n\t<\/div>\n<\/div><div class=\"wpcf7-response-output\" aria-hidden=\"true\"><\/div>\n<\/form>\n<\/div>\n\t\t<\/div>\n\t<\/div>\n<\/section>\n\n","protected":false},"excerpt":{"rendered":"<p>We have more than 80 different combinations of driven red partridge shooting, without repeating the same hunting area. In a driven red partridge shooting the necessary personnel (depending on the quota for each hunt) is from 50 to 80 people. Ojeos llanos tradicionales donde la perdiz ha de remontar con bravura por encima de los [&hellip;]<\/p>\n","protected":false},"author":1,"featured_media":0,"parent":0,"menu_order":0,"comment_status":"closed","ping_status":"closed","template":"page-templates\/content-full.php","meta":{"inline_featured_image":false,"footnotes":""},"class_list":["post-3288","page","type-page","status-publish","hentry"],"yoast_head":"<!-- This site is optimized with the Yoast SEO plugin v26.7 - https:\/\/yoast.com\/wordpress\/plugins\/seo\/ -->\n<title>Driven Red Partridge Shooting | Campo de Montiel<\/title>\n<meta name=\"description\" content=\"Discover red-legged partridge hunting in the farms managed by Campo de Montiel in Ciudad Real and Madrid.\" \/>\n<meta name=\"robots\" content=\"index, follow, max-snippet:-1, max-image-preview:large, max-video-preview:-1\" \/>\n<link rel=\"canonical\" href=\"https:\/\/www.caceriascampodemontiel.com\/en\/driven-red-partridge-shooting\/\" \/>\n<meta property=\"og:locale\" content=\"en_US\" \/>\n<meta property=\"og:type\" content=\"article\" \/>\n<meta property=\"og:title\" content=\"Driven Red Partridge Shooting | Campo de Montiel\" \/>\n<meta property=\"og:description\" content=\"Discover red-legged partridge hunting in the farms managed by Campo de Montiel in Ciudad Real and Madrid.\" \/>\n<meta property=\"og:url\" content=\"https:\/\/www.caceriascampodemontiel.com\/en\/driven-red-partridge-shooting\/\" \/>\n<meta property=\"og:site_name\" content=\"Cacer\u00edas Campo de Montiel\" \/>\n<meta property=\"article:modified_time\" content=\"2023-12-20T10:03:28+00:00\" \/>\n<meta property=\"og:image\" content=\"https:\/\/www.caceriascampodemontiel.com\/wp-content\/uploads\/2021\/03\/Slide-ojeo-de-perdiz-roja.jpg\" \/>\n<meta name=\"twitter:card\" content=\"summary_large_image\" \/>\n<meta name=\"twitter:label1\" content=\"Est. reading time\" \/>\n\t<meta name=\"twitter:data1\" content=\"2 minutes\" \/>\n<script type=\"application\/ld+json\" class=\"yoast-schema-graph\">{\"@context\":\"https:\/\/schema.org\",\"@graph\":[{\"@type\":\"WebPage\",\"@id\":\"https:\/\/www.caceriascampodemontiel.com\/en\/driven-red-partridge-shooting\/\",\"url\":\"https:\/\/www.caceriascampodemontiel.com\/en\/driven-red-partridge-shooting\/\",\"name\":\"Driven Red Partridge Shooting | Campo de Montiel\",\"isPartOf\":{\"@id\":\"https:\/\/www.caceriascampodemontiel.com\/#website\"},\"primaryImageOfPage\":{\"@id\":\"https:\/\/www.caceriascampodemontiel.com\/en\/driven-red-partridge-shooting\/#primaryimage\"},\"image\":{\"@id\":\"https:\/\/www.caceriascampodemontiel.com\/en\/driven-red-partridge-shooting\/#primaryimage\"},\"thumbnailUrl\":\"https:\/\/www.caceriascampodemontiel.com\/wp-content\/uploads\/2021\/03\/Slide-ojeo-de-perdiz-roja.jpg\",\"datePublished\":\"2021-05-05T06:17:12+00:00\",\"dateModified\":\"2023-12-20T10:03:28+00:00\",\"description\":\"Discover red-legged partridge hunting in the farms managed by Campo de Montiel in Ciudad Real and Madrid.\",\"breadcrumb\":{\"@id\":\"https:\/\/www.caceriascampodemontiel.com\/en\/driven-red-partridge-shooting\/#breadcrumb\"},\"inLanguage\":\"en-US\",\"potentialAction\":[{\"@type\":\"ReadAction\",\"target\":[\"https:\/\/www.caceriascampodemontiel.com\/en\/driven-red-partridge-shooting\/\"]}]},{\"@type\":\"ImageObject\",\"inLanguage\":\"en-US\",\"@id\":\"https:\/\/www.caceriascampodemontiel.com\/en\/driven-red-partridge-shooting\/#primaryimage\",\"url\":\"https:\/\/www.caceriascampodemontiel.com\/wp-content\/uploads\/2021\/03\/Slide-ojeo-de-perdiz-roja.jpg\",\"contentUrl\":\"https:\/\/www.caceriascampodemontiel.com\/wp-content\/uploads\/2021\/03\/Slide-ojeo-de-perdiz-roja.jpg\"},{\"@type\":\"BreadcrumbList\",\"@id\":\"https:\/\/www.caceriascampodemontiel.com\/en\/driven-red-partridge-shooting\/#breadcrumb\",\"itemListElement\":[{\"@type\":\"ListItem\",\"position\":1,\"name\":\"Home\",\"item\":\"https:\/\/www.caceriascampodemontiel.com\/en\/home-2\/\"},{\"@type\":\"ListItem\",\"position\":2,\"name\":\"Driven red partridge shooting\"}]},{\"@type\":\"WebSite\",\"@id\":\"https:\/\/www.caceriascampodemontiel.com\/#website\",\"url\":\"https:\/\/www.caceriascampodemontiel.com\/\",\"name\":\"Cacer\u00edas Campo de Montiel | Campo, caza y conservaci\u00f3n\",\"description\":\"Una tradici\u00f3n familiar desde 1971\",\"publisher\":{\"@id\":\"https:\/\/www.caceriascampodemontiel.com\/#organization\"},\"potentialAction\":[{\"@type\":\"SearchAction\",\"target\":{\"@type\":\"EntryPoint\",\"urlTemplate\":\"https:\/\/www.caceriascampodemontiel.com\/?s={search_term_string}\"},\"query-input\":{\"@type\":\"PropertyValueSpecification\",\"valueRequired\":true,\"valueName\":\"search_term_string\"}}],\"inLanguage\":\"en-US\"},{\"@type\":\"Organization\",\"@id\":\"https:\/\/www.caceriascampodemontiel.com\/#organization\",\"name\":\"Cacer\u00edas Campo de Montiel\",\"url\":\"https:\/\/www.caceriascampodemontiel.com\/\",\"logo\":{\"@type\":\"ImageObject\",\"inLanguage\":\"en-US\",\"@id\":\"https:\/\/www.caceriascampodemontiel.com\/#\/schema\/logo\/image\/\",\"url\":\"https:\/\/www.caceriascampodemontiel.com\/wp-content\/uploads\/2021\/02\/logo-cacerias-campo-de-montiel2-1.png\",\"contentUrl\":\"https:\/\/www.caceriascampodemontiel.com\/wp-content\/uploads\/2021\/02\/logo-cacerias-campo-de-montiel2-1.png\",\"width\":719,\"height\":194,\"caption\":\"Cacer\u00edas Campo de Montiel\"},\"image\":{\"@id\":\"https:\/\/www.caceriascampodemontiel.com\/#\/schema\/logo\/image\/\"}}]}<\/script>\n<!-- \/ Yoast SEO plugin. -->","yoast_head_json":{"title":"Driven Red Partridge Shooting | Campo de Montiel","description":"Discover red-legged partridge hunting in the farms managed by Campo de Montiel in Ciudad Real and Madrid.","robots":{"index":"index","follow":"follow","max-snippet":"max-snippet:-1","max-image-preview":"max-image-preview:large","max-video-preview":"max-video-preview:-1"},"canonical":"https:\/\/www.caceriascampodemontiel.com\/en\/driven-red-partridge-shooting\/","og_locale":"en_US","og_type":"article","og_title":"Driven Red Partridge Shooting | Campo de Montiel","og_description":"Discover red-legged partridge hunting in the farms managed by Campo de Montiel in Ciudad Real and Madrid.","og_url":"https:\/\/www.caceriascampodemontiel.com\/en\/driven-red-partridge-shooting\/","og_site_name":"Cacer\u00edas Campo de Montiel","article_modified_time":"2023-12-20T10:03:28+00:00","og_image":[{"url":"https:\/\/www.caceriascampodemontiel.com\/wp-content\/uploads\/2021\/03\/Slide-ojeo-de-perdiz-roja.jpg","type":"","width":"","height":""}],"twitter_card":"summary_large_image","twitter_misc":{"Est. reading time":"2 minutes"},"schema":{"@context":"https:\/\/schema.org","@graph":[{"@type":"WebPage","@id":"https:\/\/www.caceriascampodemontiel.com\/en\/driven-red-partridge-shooting\/","url":"https:\/\/www.caceriascampodemontiel.com\/en\/driven-red-partridge-shooting\/","name":"Driven Red Partridge Shooting | Campo de Montiel","isPartOf":{"@id":"https:\/\/www.caceriascampodemontiel.com\/#website"},"primaryImageOfPage":{"@id":"https:\/\/www.caceriascampodemontiel.com\/en\/driven-red-partridge-shooting\/#primaryimage"},"image":{"@id":"https:\/\/www.caceriascampodemontiel.com\/en\/driven-red-partridge-shooting\/#primaryimage"},"thumbnailUrl":"https:\/\/www.caceriascampodemontiel.com\/wp-content\/uploads\/2021\/03\/Slide-ojeo-de-perdiz-roja.jpg","datePublished":"2021-05-05T06:17:12+00:00","dateModified":"2023-12-20T10:03:28+00:00","description":"Discover red-legged partridge hunting in the farms managed by Campo de Montiel in Ciudad Real and Madrid.","breadcrumb":{"@id":"https:\/\/www.caceriascampodemontiel.com\/en\/driven-red-partridge-shooting\/#breadcrumb"},"inLanguage":"en-US","potentialAction":[{"@type":"ReadAction","target":["https:\/\/www.caceriascampodemontiel.com\/en\/driven-red-partridge-shooting\/"]}]},{"@type":"ImageObject","inLanguage":"en-US","@id":"https:\/\/www.caceriascampodemontiel.com\/en\/driven-red-partridge-shooting\/#primaryimage","url":"https:\/\/www.caceriascampodemontiel.com\/wp-content\/uploads\/2021\/03\/Slide-ojeo-de-perdiz-roja.jpg","contentUrl":"https:\/\/www.caceriascampodemontiel.com\/wp-content\/uploads\/2021\/03\/Slide-ojeo-de-perdiz-roja.jpg"},{"@type":"BreadcrumbList","@id":"https:\/\/www.caceriascampodemontiel.com\/en\/driven-red-partridge-shooting\/#breadcrumb","itemListElement":[{"@type":"ListItem","position":1,"name":"Home","item":"https:\/\/www.caceriascampodemontiel.com\/en\/home-2\/"},{"@type":"ListItem","position":2,"name":"Driven red partridge shooting"}]},{"@type":"WebSite","@id":"https:\/\/www.caceriascampodemontiel.com\/#website","url":"https:\/\/www.caceriascampodemontiel.com\/","name":"Cacer\u00edas Campo de Montiel | Campo, caza y conservaci\u00f3n","description":"Una tradici\u00f3n familiar desde 1971","publisher":{"@id":"https:\/\/www.caceriascampodemontiel.com\/#organization"},"potentialAction":[{"@type":"SearchAction","target":{"@type":"EntryPoint","urlTemplate":"https:\/\/www.caceriascampodemontiel.com\/?s={search_term_string}"},"query-input":{"@type":"PropertyValueSpecification","valueRequired":true,"valueName":"search_term_string"}}],"inLanguage":"en-US"},{"@type":"Organization","@id":"https:\/\/www.caceriascampodemontiel.com\/#organization","name":"Cacer\u00edas Campo de Montiel","url":"https:\/\/www.caceriascampodemontiel.com\/","logo":{"@type":"ImageObject","inLanguage":"en-US","@id":"https:\/\/www.caceriascampodemontiel.com\/#\/schema\/logo\/image\/","url":"https:\/\/www.caceriascampodemontiel.com\/wp-content\/uploads\/2021\/02\/logo-cacerias-campo-de-montiel2-1.png","contentUrl":"https:\/\/www.caceriascampodemontiel.com\/wp-content\/uploads\/2021\/02\/logo-cacerias-campo-de-montiel2-1.png","width":719,"height":194,"caption":"Cacer\u00edas Campo de Montiel"},"image":{"@id":"https:\/\/www.caceriascampodemontiel.com\/#\/schema\/logo\/image\/"}}]}},"_links":{"self":[{"href":"https:\/\/www.caceriascampodemontiel.com\/en\/wp-json\/wp\/v2\/pages\/3288","targetHints":{"allow":["GET"]}}],"collection":[{"href":"https:\/\/www.caceriascampodemontiel.com\/en\/wp-json\/wp\/v2\/pages"}],"about":[{"href":"https:\/\/www.caceriascampodemontiel.com\/en\/wp-json\/wp\/v2\/types\/page"}],"author":[{"embeddable":true,"href":"https:\/\/www.caceriascampodemontiel.com\/en\/wp-json\/wp\/v2\/users\/1"}],"replies":[{"embeddable":true,"href":"https:\/\/www.caceriascampodemontiel.com\/en\/wp-json\/wp\/v2\/comments?post=3288"}],"version-history":[{"count":2,"href":"https:\/\/www.caceriascampodemontiel.com\/en\/wp-json\/wp\/v2\/pages\/3288\/revisions"}],"predecessor-version":[{"id":3524,"href":"https:\/\/www.caceriascampodemontiel.com\/en\/wp-json\/wp\/v2\/pages\/3288\/revisions\/3524"}],"wp:attachment":[{"href":"https:\/\/www.caceriascampodemontiel.com\/en\/wp-json\/wp\/v2\/media?parent=3288"}],"curies":[{"name":"wp","href":"https:\/\/api.w.org\/{rel}","templated":true}]}}