{"id":3296,"date":"2021-05-05T06:18:55","date_gmt":"2021-05-05T06:18:55","guid":{"rendered":"https:\/\/www.caceriascampodemontiel.com\/falconry-with-falcon-and-eagle\/"},"modified":"2021-05-05T06:18:55","modified_gmt":"2021-05-05T06:18:55","slug":"falconry-with-falcon-and-eagle","status":"publish","type":"page","link":"https:\/\/www.caceriascampodemontiel.com\/en\/other-modalities\/falconry-with-falcon-and-eagle\/","title":{"rendered":"Falconry with falcon and eagle"},"content":{"rendered":"\n<div class=\"wp-block-cover\"><img loading=\"lazy\" decoding=\"async\" width=\"1920\" height=\"624\" class=\"wp-block-cover__image-background wp-image-1828\" alt=\"\" src=\"https:\/\/www.caceriascampodemontiel.com\/wp-content\/uploads\/2021\/03\/Slide-cetreria-1.jpg\" style=\"object-position:32% 21%\" data-object-fit=\"cover\" data-object-position=\"32% 21%\" srcset=\"https:\/\/www.caceriascampodemontiel.com\/wp-content\/uploads\/2021\/03\/Slide-cetreria-1.jpg 1920w, https:\/\/www.caceriascampodemontiel.com\/wp-content\/uploads\/2021\/03\/Slide-cetreria-1-300x98.jpg 300w, https:\/\/www.caceriascampodemontiel.com\/wp-content\/uploads\/2021\/03\/Slide-cetreria-1-1024x333.jpg 1024w, https:\/\/www.caceriascampodemontiel.com\/wp-content\/uploads\/2021\/03\/Slide-cetreria-1-768x250.jpg 768w, https:\/\/www.caceriascampodemontiel.com\/wp-content\/uploads\/2021\/03\/Slide-cetreria-1-1536x499.jpg 1536w\" sizes=\"auto, (max-width: 1920px) 100vw, 1920px\" \/><div class=\"wp-block-cover__inner-container is-layout-flow wp-block-cover-is-layout-flow\">\n<h1 class=\"has-text-align-center wp-block-heading\">Falconry with falcon and eagle<\/h1>\n<\/div><\/div>\n\n<div class=\"wp-block-columns is-layout-flex wp-container-core-columns-is-layout-9d6595d7 wp-block-columns-is-layout-flex\">\n<div class=\"wp-block-column is-layout-flow wp-block-column-is-layout-flow\"><\/div>\n<\/div>\n\n<div class=\"wp-block-columns align-items-center is-layout-flex wp-container-core-columns-is-layout-9d6595d7 wp-block-columns-is-layout-flex\">\n<div class=\"wp-block-column is-layout-flow wp-block-column-is-layout-flow\">\n<h2 class=\"wp-block-heading\">At our estates we offer authentic day trips where you can practice falconry with birds of prey, particularly hawks.<\/h2>\n\n\n\n<p>We have tremendous lands with excellent visibility where you&#8217;ll be able to clearly see the birds swooping up and down, and with a high density of animals.&#13;\n&#13;\n<\/p>\n\n\n\n<p>Our facilities are set up to let the falcons and other birds of prey adequately rest.<\/p>\n\n\n\n<p><strong>Cacer\u00edas Campo de Montiel S.L. &amp; AECCA<\/strong><\/p>\n\n\n\n<p>Cacer\u00edas Campo de Montiel S.L. &amp; AECCA. The Spanish Association of Falconry AECCA, annually organizes important falconry days in our hunting estates, spectacular days.&#13;\n<\/p>\n<\/div>\n\n\n\n<div class=\"wp-block-column is-layout-flow wp-block-column-is-layout-flow\"><div class=\"wp-block-nextend-smartslider3\"><\/div>\r\n<\/div>\n<\/div>\n<section id=\"servicios-complementarios\">\n \t<div class=\"container\">\n\t\t<div class=\"row bloque-titular\">\n\t\t\t<div class=\"col-md-12 text-center\">\n\t\t\t\t<div class=\"titular\">Servicios complementarios<\/div>\n\t\t\t\t<hr>\n\t\t\t<\/div>\n\t\t<\/div>\n\t\t<div class=\"row\">\n\t\t\t<div class=\"col text-center\">\n\t\t\t\t<a href=\"\/servicios\/alojamientos-campo-de-montiel\/\" title=\"Alojamientos\">\n\t\t\t\t\t<img decoding=\"async\" src=\"https:\/\/www.caceriascampodemontiel.com\/wp-content\/themes\/campodemontiel\/assets\/ico-alojamientos.svg\" class=\"img-fluid\" alt=\"Alojamientos\" title=\"Alojamientos\" \/>\n\t\t\t\t<\/a>\n\t\t\t\t<h5>Alojamientos<\/h5>\n\t\t\t\t<p>Para su comodidad y descanso ponemos a su disposici\u00f3n diferentes alojamientos en las fincas de Ciudad Real y Madrid.<\/p>\n \t\t\t<\/div>\n\t\t\t<div class=\"col text-center\">\n\t\t\t\t<a href=\"\/servicios\/equipo\/\" title=\"Equipo\">\n\t\t\t\t\t<img decoding=\"async\" src=\"https:\/\/www.caceriascampodemontiel.com\/wp-content\/themes\/campodemontiel\/assets\/ico-equipos.svg\" class=\"img-fluid\" alt=\"Equipo\" title=\"Equipo\" \/>\n\t\t\t\t<\/a>\n\t\t\t\t<h5>Equipo<\/h5>\n\t\t\t\t<p>Tenemos a disposici\u00f3n de los cazadores que no viajan con armas varios modelos de escopetas de precisi\u00f3n y todos los accesorios para una jornada de caza.<\/p>\n \t\t\t<\/div>\n\t\t\t<div class=\"col text-center\">\n\t\t\t\t<a href=\"\/servicios\/sugerencias\/\" title=\"Sugerencias\">\n\t\t\t\t\t<img decoding=\"async\" src=\"https:\/\/www.caceriascampodemontiel.com\/wp-content\/themes\/campodemontiel\/assets\/ico-sugerencias.svg\" class=\"img-fluid\" alt=\"Sugerencias\" title=\"Sugerencias\" \/>\n\t\t\t\t<\/a>\n\t\t\t\t<h5>Sugerencias<\/h5>\n\t\t\t\t<p>Para los d\u00edas que no deseemos cazar podemos ofrecerle como alternativa, la caza fotogr\u00e1fica en nuestros veh\u00edculos 4x4 o bien visitas culturales, compras, o flamenco.<\/p>\n \t\t\t<\/div>\n\t\t\t<div class=\"col text-center\">\n\t\t\t\t<a href=\"\/servicios\/transporte-y-vehiculos\/\" title=\"Transporte y veh\u00edculos\">\n\t\t\t\t\t<img decoding=\"async\" src=\"https:\/\/www.caceriascampodemontiel.com\/wp-content\/themes\/campodemontiel\/assets\/ico-transporte-y-vehiculos.svg\" class=\"img-fluid\" alt=\"Transporte y veh\u00edculos\" title=\"Transporte y veh\u00edculos\" \/>\n\t\t\t\t<\/a>\n\t\t\t\t<h5>Transporte y veh\u00edculos<\/h5>\n\t\t\t\t<p>Organizaremos su llegada al aeropuerto Adolfo Su\u00e1rez en Madrid y todos sus desplazamientos por las fincas en nuestros veh\u00edculos 4x4 durante las jornadas de caza.<\/p>\n \t\t\t<\/div>\n\t\t<\/div>\n\t<\/div>\n<\/section>\n<div class=\"wp-block-nextend-smartslider3\"><\/div>\r\n\n<div class=\"wp-block-columns is-layout-flex wp-container-core-columns-is-layout-9d6595d7 wp-block-columns-is-layout-flex\">\n<div class=\"wp-block-column is-layout-flow wp-block-column-is-layout-flow\"><div class=\"wp-block-nextend-smartslider3\"><\/div>\r\n\n\n\n<p>Cetrer\u00eda. Arte de caza. Halc\u00f3n cazando perdices<\/p>\n<\/div>\n\n\n\n<div class=\"wp-block-column is-layout-flow wp-block-column-is-layout-flow\"><div class=\"wp-block-nextend-smartslider3\"><\/div>\r\n\n\n\n<p>Cazando zorros con \u00e1guila real<\/p>\n<\/div>\n\n\n\n<div class=\"wp-block-column is-layout-flow wp-block-column-is-layout-flow\"><div class=\"wp-block-nextend-smartslider3\"><\/div>\r\n\n\n\n<p>Cetrer\u00eda con \u00e1guila real. Cazando zorros<\/p>\n<\/div>\n<\/div>\n<section id=\"formulario-desea-cazar\">\n \t<div class=\"container\">\n\t\t<div class=\"row bloque-titular\">\n\t\t\t<div class=\"col-md-12 text-center\">\n\t\t\t\t<div class=\"titular\">\u00bfDesea cazar con nosotros?<\/div>\n\t\t\t\t<hr>\n\t\t\t\t<p class=\"text-center\">Facil\u00edtenos sus datos y nos pondremos en contacto con usted a la mayor brevedad posible.<\/p>\n\t\t\t<\/div>\n\t\t<\/div>\n\t\t<div class=\"formulario-caza\">\n\t\t\t\n<div class=\"wpcf7 no-js\" id=\"wpcf7-f3342-o1\" lang=\"en-EN\" dir=\"ltr\" data-wpcf7-id=\"3342\">\n<div class=\"screen-reader-response\"><p role=\"status\" aria-live=\"polite\" aria-atomic=\"true\"><\/p> <ul><\/ul><\/div>\n<form action=\"\/en\/wp-json\/wp\/v2\/pages\/3296#wpcf7-f3342-o1\" method=\"post\" class=\"wpcf7-form init\" aria-label=\"Contact form\" novalidate=\"novalidate\" data-status=\"init\">\n<div style=\"display: none;\">\n<input type=\"hidden\" name=\"_wpcf7\" value=\"3342\" \/>\n<input type=\"hidden\" name=\"_wpcf7_version\" value=\"6.0.6\" \/>\n<input type=\"hidden\" name=\"_wpcf7_locale\" value=\"en_EN\" \/>\n<input type=\"hidden\" name=\"_wpcf7_unit_tag\" value=\"wpcf7-f3342-o1\" \/>\n<input type=\"hidden\" name=\"_wpcf7_container_post\" value=\"0\" \/>\n<input type=\"hidden\" name=\"_wpcf7_posted_data_hash\" value=\"\" \/>\n<input type=\"hidden\" name=\"_wpcf7_recaptcha_response\" value=\"\" \/>\n<\/div>\n<div class=\"row\">\n\t<div class=\"col-md-4\">\n\t\t<p><span class=\"wpcf7-form-control-wrap\" data-name=\"your-name\"><input size=\"40\" maxlength=\"400\" class=\"wpcf7-form-control wpcf7-text wpcf7-validates-as-required\" aria-required=\"true\" aria-invalid=\"false\" placeholder=\"Name*\" value=\"\" type=\"text\" name=\"your-name\" \/><\/span>\n\t\t<\/p>\n\t<\/div>\n\t<div class=\"col-md-4\">\n\t\t<p><span class=\"wpcf7-form-control-wrap\" data-name=\"your-email\"><input size=\"40\" maxlength=\"400\" class=\"wpcf7-form-control wpcf7-email wpcf7-validates-as-required wpcf7-text wpcf7-validates-as-email\" aria-required=\"true\" aria-invalid=\"false\" placeholder=\"Surnames*\" value=\"\" type=\"email\" name=\"your-email\" \/><\/span>\n\t\t<\/p>\n\t<\/div>\n\t<div class=\"col-md-4\">\n\t\t<p><span class=\"wpcf7-form-control-wrap\" data-name=\"your-phone\"><input size=\"40\" maxlength=\"400\" class=\"wpcf7-form-control wpcf7-text wpcf7-validates-as-required\" aria-required=\"true\" aria-invalid=\"false\" placeholder=\"Telephone\" value=\"\" type=\"text\" name=\"your-phone\" \/><\/span>\n\t\t<\/p>\n\t<\/div>\n<\/div>\n<div class=\"row\">\n\t<div class=\"col-md-4\">\n\t\t<p><span class=\"wpcf7-form-control-wrap\" data-name=\"your-ciudad\"><input size=\"40\" maxlength=\"400\" class=\"wpcf7-form-control wpcf7-text wpcf7-validates-as-required\" aria-required=\"true\" aria-invalid=\"false\" placeholder=\"City*\" value=\"\" type=\"text\" name=\"your-ciudad\" \/><\/span>\n\t\t<\/p>\n\t<\/div>\n\t<div class=\"col-md-8\">\n\t\t<p><span class=\"wpcf7-form-control-wrap\" data-name=\"your-mensaje\"><input size=\"40\" maxlength=\"400\" class=\"wpcf7-form-control wpcf7-text\" aria-invalid=\"false\" placeholder=\"Message\" value=\"\" type=\"text\" name=\"your-mensaje\" \/><\/span>\n\t\t<\/p>\n\t<\/div>\n<\/div>\n<div class=\"row\">\n\t<div class=\"col-md-4 d-flex politica\">\n\t\t<p><span class=\"wpcf7-form-control-wrap\" data-name=\"politica\"><span class=\"wpcf7-form-control wpcf7-acceptance\"><span class=\"wpcf7-list-item\"><label><input type=\"checkbox\" name=\"politica\" value=\"1\" aria-invalid=\"false\" \/><span class=\"wpcf7-list-item-label\"><i><\/i> I have read and accept the<\/span><\/label><\/span><\/span><\/span><a href=\"#politica-de-privacidad\" data-toggle=\"modal\" data-target=\".bd-example-modal-lg\" target=\"_blank\">privacy policy<\/a>\n\t\t<\/p>\n\t<\/div>\n\t<div class=\"col-md-4\">\n\t\t<p>*Required fields.\n\t\t<\/p>\n\t<\/div>\n\t<div class=\"col-md-4 text-right\">\n\t\t<p><input class=\"wpcf7-form-control wpcf7-submit has-spinner btn\" type=\"submit\" value=\"Send questionnaire\" \/>\n\t\t<\/p>\n\t<\/div>\n<\/div><div class=\"wpcf7-response-output\" aria-hidden=\"true\"><\/div>\n<\/form>\n<\/div>\n\t\t<\/div>\n\t<\/div>\n<\/section>\n\n","protected":false},"excerpt":{"rendered":"<p>At our estates we offer authentic day trips where you can practice falconry with birds of prey, particularly hawks. We have tremendous lands with excellent visibility where you&#8217;ll be able to clearly see the birds swooping up and down, and with a high density of animals.&#13; &#13; Our facilities are set up to let the [&hellip;]<\/p>\n","protected":false},"author":1,"featured_media":0,"parent":3343,"menu_order":0,"comment_status":"closed","ping_status":"closed","template":"page-templates\/content-full.php","meta":{"inline_featured_image":false,"footnotes":""},"class_list":["post-3296","page","type-page","status-publish","hentry"],"yoast_head":"<!-- This site is optimized with the Yoast SEO plugin v27.4 - https:\/\/yoast.com\/product\/yoast-seo-wordpress\/ -->\n<title>Falconry with falcon and eagle - Cacer\u00edas Campo de Montiel<\/title>\n<meta name=\"robots\" content=\"index, follow, max-snippet:-1, max-image-preview:large, max-video-preview:-1\" \/>\n<link rel=\"canonical\" href=\"https:\/\/www.caceriascampodemontiel.com\/otras-modalidades-de-caza\/cetreria\/\" \/>\n<meta property=\"og:locale\" content=\"en_US\" \/>\n<meta property=\"og:type\" content=\"article\" \/>\n<meta property=\"og:title\" content=\"Falconry with falcon and eagle - Cacer\u00edas Campo de Montiel\" \/>\n<meta property=\"og:description\" content=\"At our estates we offer authentic day trips where you can practice falconry with birds of prey, particularly hawks. We have tremendous lands with excellent visibility where you&#8217;ll be able to clearly see the birds swooping up and down, and with a high density of animals.&#013; &#013; Our facilities are set up to let the [&hellip;]\" \/>\n<meta property=\"og:url\" content=\"https:\/\/www.caceriascampodemontiel.com\/otras-modalidades-de-caza\/cetreria\/\" \/>\n<meta property=\"og:site_name\" content=\"Cacer\u00edas Campo de Montiel\" \/>\n<meta property=\"og:image\" content=\"https:\/\/www.caceriascampodemontiel.com\/wp-content\/uploads\/2021\/03\/Slide-cetreria-1.jpg\" \/>\n<meta name=\"twitter:card\" content=\"summary_large_image\" \/>\n<meta name=\"twitter:label1\" content=\"Est. reading time\" \/>\n\t<meta name=\"twitter:data1\" content=\"1 minute\" \/>\n<script type=\"application\/ld+json\" class=\"yoast-schema-graph\">{\"@context\":\"https:\\\/\\\/schema.org\",\"@graph\":[{\"@type\":\"WebPage\",\"@id\":\"https:\\\/\\\/www.caceriascampodemontiel.com\\\/otras-modalidades-de-caza\\\/cetreria\\\/\",\"url\":\"https:\\\/\\\/www.caceriascampodemontiel.com\\\/otras-modalidades-de-caza\\\/cetreria\\\/\",\"name\":\"Falconry with falcon and eagle - Cacer\u00edas Campo de Montiel\",\"isPartOf\":{\"@id\":\"https:\\\/\\\/www.caceriascampodemontiel.com\\\/#website\"},\"primaryImageOfPage\":{\"@id\":\"https:\\\/\\\/www.caceriascampodemontiel.com\\\/otras-modalidades-de-caza\\\/cetreria\\\/#primaryimage\"},\"image\":{\"@id\":\"https:\\\/\\\/www.caceriascampodemontiel.com\\\/otras-modalidades-de-caza\\\/cetreria\\\/#primaryimage\"},\"thumbnailUrl\":\"https:\\\/\\\/www.caceriascampodemontiel.com\\\/wp-content\\\/uploads\\\/2021\\\/03\\\/Slide-cetreria-1.jpg\",\"datePublished\":\"2021-05-05T06:18:55+00:00\",\"breadcrumb\":{\"@id\":\"https:\\\/\\\/www.caceriascampodemontiel.com\\\/otras-modalidades-de-caza\\\/cetreria\\\/#breadcrumb\"},\"inLanguage\":\"en-US\",\"potentialAction\":[{\"@type\":\"ReadAction\",\"target\":[\"https:\\\/\\\/www.caceriascampodemontiel.com\\\/otras-modalidades-de-caza\\\/cetreria\\\/\"]}]},{\"@type\":\"ImageObject\",\"inLanguage\":\"en-US\",\"@id\":\"https:\\\/\\\/www.caceriascampodemontiel.com\\\/otras-modalidades-de-caza\\\/cetreria\\\/#primaryimage\",\"url\":\"https:\\\/\\\/www.caceriascampodemontiel.com\\\/wp-content\\\/uploads\\\/2021\\\/03\\\/Slide-cetreria-1.jpg\",\"contentUrl\":\"https:\\\/\\\/www.caceriascampodemontiel.com\\\/wp-content\\\/uploads\\\/2021\\\/03\\\/Slide-cetreria-1.jpg\"},{\"@type\":\"BreadcrumbList\",\"@id\":\"https:\\\/\\\/www.caceriascampodemontiel.com\\\/otras-modalidades-de-caza\\\/cetreria\\\/#breadcrumb\",\"itemListElement\":[{\"@type\":\"ListItem\",\"position\":1,\"name\":\"Home\",\"item\":\"https:\\\/\\\/www.caceriascampodemontiel.com\\\/en\\\/home-2\\\/\"},{\"@type\":\"ListItem\",\"position\":2,\"name\":\"Other modalities\",\"item\":\"https:\\\/\\\/www.caceriascampodemontiel.com\\\/otras-modalidades-de-caza\\\/\"},{\"@type\":\"ListItem\",\"position\":3,\"name\":\"Falconry with falcon and eagle\"}]},{\"@type\":\"WebSite\",\"@id\":\"https:\\\/\\\/www.caceriascampodemontiel.com\\\/#website\",\"url\":\"https:\\\/\\\/www.caceriascampodemontiel.com\\\/\",\"name\":\"Cacer\u00edas Campo de Montiel | Campo, caza y conservaci\u00f3n\",\"description\":\"Una tradici\u00f3n familiar desde 1971\",\"publisher\":{\"@id\":\"https:\\\/\\\/www.caceriascampodemontiel.com\\\/#organization\"},\"potentialAction\":[{\"@type\":\"SearchAction\",\"target\":{\"@type\":\"EntryPoint\",\"urlTemplate\":\"https:\\\/\\\/www.caceriascampodemontiel.com\\\/?s={search_term_string}\"},\"query-input\":{\"@type\":\"PropertyValueSpecification\",\"valueRequired\":true,\"valueName\":\"search_term_string\"}}],\"inLanguage\":\"en-US\"},{\"@type\":\"Organization\",\"@id\":\"https:\\\/\\\/www.caceriascampodemontiel.com\\\/#organization\",\"name\":\"Cacer\u00edas Campo de Montiel\",\"url\":\"https:\\\/\\\/www.caceriascampodemontiel.com\\\/\",\"logo\":{\"@type\":\"ImageObject\",\"inLanguage\":\"en-US\",\"@id\":\"https:\\\/\\\/www.caceriascampodemontiel.com\\\/#\\\/schema\\\/logo\\\/image\\\/\",\"url\":\"https:\\\/\\\/www.caceriascampodemontiel.com\\\/wp-content\\\/uploads\\\/2021\\\/02\\\/logo-cacerias-campo-de-montiel2-1.png\",\"contentUrl\":\"https:\\\/\\\/www.caceriascampodemontiel.com\\\/wp-content\\\/uploads\\\/2021\\\/02\\\/logo-cacerias-campo-de-montiel2-1.png\",\"width\":719,\"height\":194,\"caption\":\"Cacer\u00edas Campo de Montiel\"},\"image\":{\"@id\":\"https:\\\/\\\/www.caceriascampodemontiel.com\\\/#\\\/schema\\\/logo\\\/image\\\/\"}}]}<\/script>\n<!-- \/ Yoast SEO plugin. -->","yoast_head_json":{"title":"Falconry with falcon and eagle - Cacer\u00edas Campo de Montiel","robots":{"index":"index","follow":"follow","max-snippet":"max-snippet:-1","max-image-preview":"max-image-preview:large","max-video-preview":"max-video-preview:-1"},"canonical":"https:\/\/www.caceriascampodemontiel.com\/otras-modalidades-de-caza\/cetreria\/","og_locale":"en_US","og_type":"article","og_title":"Falconry with falcon and eagle - Cacer\u00edas Campo de Montiel","og_description":"At our estates we offer authentic day trips where you can practice falconry with birds of prey, particularly hawks. We have tremendous lands with excellent visibility where you&#8217;ll be able to clearly see the birds swooping up and down, and with a high density of animals.&#13; &#13; Our facilities are set up to let the [&hellip;]","og_url":"https:\/\/www.caceriascampodemontiel.com\/otras-modalidades-de-caza\/cetreria\/","og_site_name":"Cacer\u00edas Campo de Montiel","og_image":[{"url":"https:\/\/www.caceriascampodemontiel.com\/wp-content\/uploads\/2021\/03\/Slide-cetreria-1.jpg","type":"","width":"","height":""}],"twitter_card":"summary_large_image","twitter_misc":{"Est. reading time":"1 minute"},"schema":{"@context":"https:\/\/schema.org","@graph":[{"@type":"WebPage","@id":"https:\/\/www.caceriascampodemontiel.com\/otras-modalidades-de-caza\/cetreria\/","url":"https:\/\/www.caceriascampodemontiel.com\/otras-modalidades-de-caza\/cetreria\/","name":"Falconry with falcon and eagle - Cacer\u00edas Campo de Montiel","isPartOf":{"@id":"https:\/\/www.caceriascampodemontiel.com\/#website"},"primaryImageOfPage":{"@id":"https:\/\/www.caceriascampodemontiel.com\/otras-modalidades-de-caza\/cetreria\/#primaryimage"},"image":{"@id":"https:\/\/www.caceriascampodemontiel.com\/otras-modalidades-de-caza\/cetreria\/#primaryimage"},"thumbnailUrl":"https:\/\/www.caceriascampodemontiel.com\/wp-content\/uploads\/2021\/03\/Slide-cetreria-1.jpg","datePublished":"2021-05-05T06:18:55+00:00","breadcrumb":{"@id":"https:\/\/www.caceriascampodemontiel.com\/otras-modalidades-de-caza\/cetreria\/#breadcrumb"},"inLanguage":"en-US","potentialAction":[{"@type":"ReadAction","target":["https:\/\/www.caceriascampodemontiel.com\/otras-modalidades-de-caza\/cetreria\/"]}]},{"@type":"ImageObject","inLanguage":"en-US","@id":"https:\/\/www.caceriascampodemontiel.com\/otras-modalidades-de-caza\/cetreria\/#primaryimage","url":"https:\/\/www.caceriascampodemontiel.com\/wp-content\/uploads\/2021\/03\/Slide-cetreria-1.jpg","contentUrl":"https:\/\/www.caceriascampodemontiel.com\/wp-content\/uploads\/2021\/03\/Slide-cetreria-1.jpg"},{"@type":"BreadcrumbList","@id":"https:\/\/www.caceriascampodemontiel.com\/otras-modalidades-de-caza\/cetreria\/#breadcrumb","itemListElement":[{"@type":"ListItem","position":1,"name":"Home","item":"https:\/\/www.caceriascampodemontiel.com\/en\/home-2\/"},{"@type":"ListItem","position":2,"name":"Other modalities","item":"https:\/\/www.caceriascampodemontiel.com\/otras-modalidades-de-caza\/"},{"@type":"ListItem","position":3,"name":"Falconry with falcon and eagle"}]},{"@type":"WebSite","@id":"https:\/\/www.caceriascampodemontiel.com\/#website","url":"https:\/\/www.caceriascampodemontiel.com\/","name":"Cacer\u00edas Campo de Montiel | Campo, caza y conservaci\u00f3n","description":"Una tradici\u00f3n familiar desde 1971","publisher":{"@id":"https:\/\/www.caceriascampodemontiel.com\/#organization"},"potentialAction":[{"@type":"SearchAction","target":{"@type":"EntryPoint","urlTemplate":"https:\/\/www.caceriascampodemontiel.com\/?s={search_term_string}"},"query-input":{"@type":"PropertyValueSpecification","valueRequired":true,"valueName":"search_term_string"}}],"inLanguage":"en-US"},{"@type":"Organization","@id":"https:\/\/www.caceriascampodemontiel.com\/#organization","name":"Cacer\u00edas Campo de Montiel","url":"https:\/\/www.caceriascampodemontiel.com\/","logo":{"@type":"ImageObject","inLanguage":"en-US","@id":"https:\/\/www.caceriascampodemontiel.com\/#\/schema\/logo\/image\/","url":"https:\/\/www.caceriascampodemontiel.com\/wp-content\/uploads\/2021\/02\/logo-cacerias-campo-de-montiel2-1.png","contentUrl":"https:\/\/www.caceriascampodemontiel.com\/wp-content\/uploads\/2021\/02\/logo-cacerias-campo-de-montiel2-1.png","width":719,"height":194,"caption":"Cacer\u00edas Campo de Montiel"},"image":{"@id":"https:\/\/www.caceriascampodemontiel.com\/#\/schema\/logo\/image\/"}}]}},"_links":{"self":[{"href":"https:\/\/www.caceriascampodemontiel.com\/en\/wp-json\/wp\/v2\/pages\/3296","targetHints":{"allow":["GET"]}}],"collection":[{"href":"https:\/\/www.caceriascampodemontiel.com\/en\/wp-json\/wp\/v2\/pages"}],"about":[{"href":"https:\/\/www.caceriascampodemontiel.com\/en\/wp-json\/wp\/v2\/types\/page"}],"author":[{"embeddable":true,"href":"https:\/\/www.caceriascampodemontiel.com\/en\/wp-json\/wp\/v2\/users\/1"}],"replies":[{"embeddable":true,"href":"https:\/\/www.caceriascampodemontiel.com\/en\/wp-json\/wp\/v2\/comments?post=3296"}],"version-history":[{"count":1,"href":"https:\/\/www.caceriascampodemontiel.com\/en\/wp-json\/wp\/v2\/pages\/3296\/revisions"}],"predecessor-version":[{"id":3297,"href":"https:\/\/www.caceriascampodemontiel.com\/en\/wp-json\/wp\/v2\/pages\/3296\/revisions\/3297"}],"up":[{"embeddable":true,"href":"https:\/\/www.caceriascampodemontiel.com\/en\/wp-json\/wp\/v2\/pages\/3343"}],"wp:attachment":[{"href":"https:\/\/www.caceriascampodemontiel.com\/en\/wp-json\/wp\/v2\/media?parent=3296"}],"curies":[{"name":"wp","href":"https:\/\/api.w.org\/{rel}","templated":true}]}}