{"id":3278,"date":"2021-05-05T06:14:28","date_gmt":"2021-05-05T06:14:28","guid":{"rendered":"https:\/\/www.caceriascampodemontiel.com\/notre-direction\/controle-des-predateurs\/"},"modified":"2021-05-05T06:14:28","modified_gmt":"2021-05-05T06:14:28","slug":"controle-des-predateurs","status":"publish","type":"page","link":"https:\/\/www.caceriascampodemontiel.com\/fr\/notre-direction\/controle-des-predateurs\/","title":{"rendered":"Contr\u00f4le des pr\u00e9dateurs"},"content":{"rendered":"\n<div class=\"wp-block-cover\"><img loading=\"lazy\" decoding=\"async\" width=\"1920\" height=\"624\" class=\"wp-block-cover__image-background wp-image-3214\" alt=\"\" src=\"https:\/\/www.caceriascampodemontiel.com\/wp-content\/uploads\/2021\/04\/Slide-depredadores-1.jpg\" style=\"object-position:48% 0%\" data-object-fit=\"cover\" data-object-position=\"48% 0%\" srcset=\"https:\/\/www.caceriascampodemontiel.com\/wp-content\/uploads\/2021\/04\/Slide-depredadores-1.jpg 1920w, https:\/\/www.caceriascampodemontiel.com\/wp-content\/uploads\/2021\/04\/Slide-depredadores-1-300x98.jpg 300w, https:\/\/www.caceriascampodemontiel.com\/wp-content\/uploads\/2021\/04\/Slide-depredadores-1-1024x333.jpg 1024w, https:\/\/www.caceriascampodemontiel.com\/wp-content\/uploads\/2021\/04\/Slide-depredadores-1-768x250.jpg 768w, https:\/\/www.caceriascampodemontiel.com\/wp-content\/uploads\/2021\/04\/Slide-depredadores-1-1536x499.jpg 1536w\" sizes=\"auto, (max-width: 1920px) 100vw, 1920px\" \/><div class=\"wp-block-cover__inner-container is-layout-flow wp-block-cover-is-layout-flow\">\n<h1 class=\"has-text-align-center wp-block-heading\">Contr\u00f4le des pr\u00e9dateurs<\/h1>\n<\/div><\/div>\n\n<div class=\"wp-block-columns is-layout-flex wp-container-core-columns-is-layout-9d6595d7 wp-block-columns-is-layout-flex\">\n<div class=\"wp-block-column is-layout-flow wp-block-column-is-layout-flow\"><\/div>\n<\/div>\n\n<div class=\"wp-block-columns align-items-center is-layout-flex wp-container-core-columns-is-layout-9d6595d7 wp-block-columns-is-layout-flex\">\n<div class=\"wp-block-column is-layout-flow wp-block-column-is-layout-flow\">\n<h3 class=\"wp-block-heading\"><strong>Controlamos la superpoblaci\u00f3n de depredadores<\/strong>, vitales para la cr\u00eda y el desarrollo de la perdiz salvaje.<\/h3>\n\n\n\n<p>Nos propri\u00e9t\u00e9s sont g\u00e9r\u00e9es 365 jours par an par nos gardiens, ce qui nous permet de fournir le soutien, l\u2019entretien et les soins n\u00e9cessaires pour une bonne gestion de la chasse et pour un contr\u00f4le des pr\u00e9dateurs efficace et indispensable, avec les autorisations administratives correspondantes, afin de pouvoir garantir la nouvelle saison.&#13;\n<\/p>\n\n\n\n<p> <\/p>\n<\/div>\n\n\n\n<div class=\"wp-block-column is-layout-flow wp-block-column-is-layout-flow\">\n<figure class=\"wp-block-image size-large\"><img loading=\"lazy\" decoding=\"async\" width=\"688\" height=\"742\" src=\"https:\/\/www.caceriascampodemontiel.com\/wp-content\/uploads\/2021\/04\/Control-de-depredadore-Campo-de-Montiel.jpg\" alt=\"\" class=\"wp-image-3185\" srcset=\"https:\/\/www.caceriascampodemontiel.com\/wp-content\/uploads\/2021\/04\/Control-de-depredadore-Campo-de-Montiel.jpg 688w, https:\/\/www.caceriascampodemontiel.com\/wp-content\/uploads\/2021\/04\/Control-de-depredadore-Campo-de-Montiel-278x300.jpg 278w\" sizes=\"auto, (max-width: 688px) 100vw, 688px\" \/><\/figure>\n<\/div>\n<\/div>\n\n<div class=\"wp-block-columns align-items-center is-layout-flex wp-container-core-columns-is-layout-9d6595d7 wp-block-columns-is-layout-flex\">\n<div class=\"wp-block-column is-layout-flow wp-block-column-is-layout-flow\">\n<figure class=\"wp-block-image size-large\"><img loading=\"lazy\" decoding=\"async\" width=\"688\" height=\"742\" src=\"https:\/\/www.caceriascampodemontiel.com\/wp-content\/uploads\/2021\/03\/control-de-depredadores-02.jpg\" alt=\"\" class=\"wp-image-651\" srcset=\"https:\/\/www.caceriascampodemontiel.com\/wp-content\/uploads\/2021\/03\/control-de-depredadores-02.jpg 688w, https:\/\/www.caceriascampodemontiel.com\/wp-content\/uploads\/2021\/03\/control-de-depredadores-02-278x300.jpg 278w\" sizes=\"auto, (max-width: 688px) 100vw, 688px\" \/><\/figure>\n<\/div>\n\n\n\n<div class=\"wp-block-column is-layout-flow wp-block-column-is-layout-flow\">\n<p> <\/p>\n<\/div>\n<\/div>\n<div class=\"wp-block-nextend-smartslider3\"><\/div>\r\n<section id=\"bloque-cazas\">\n\t<div class=\"container-fluid\">\n\t\t<div class=\"row justify-content-center\">\t\t\n\t\t\t<div class=\"col-md-4 bloque text-center bg-ojeo align-items-center\"> \t\t\t\t\n\t\t\t\t<a href=\"\/caza-de-perdiz-roja\/ojeo-de-perdiz-roja\/\" title=\"Ojeo de Perdiz Roja\">\n\t\t\t\t\t<div class=\"box d-flex align-items-center\">\n\t\t\t\t\t\t<h2>Ojeo de Perdiz Roja<\/h2>\n\t\t\t\t\t\t<hr>\n\t\t\t\t\t\t<p>Tenemos m\u00e1s de 80 combinaciones diferentes de ojeos de perdiz roja, sin repetir la misma \u00e1rea de caza, con diferentes escenarios y diferentes tipos de orograf\u00eda.<\/p>\n\t\t\t\t\t\t<img decoding=\"async\" src=\"https:\/\/www.caceriascampodemontiel.com\/wp-content\/themes\/campodemontiel\/assets\/ico-pluma.svg\" class=\"img-fluid\" alt=\"Pluma\" title=\"Pluma\" \/> \n\t\t\t\t\t<\/div>\n\t\t\t\t<\/a>\n\t\t\t<\/div>\t\t\t\t\t\t\t\t\n\t\t\t<div class=\"col-md-4 bloque text-center bg-caza align-items-center\"> \t\t\t\t\n\t\t\t\t<a href=\"\/caza-de-perdiz-roja\/caza-en-mano-con-perros\/\" title=\"Caza en mano con perros\">\n\t\t\t\t\t<div class=\"box d-flex align-items-center\">\n\t\t\t\t\t\t<h2>Caza en mano con perros<\/h2>\n\t\t\t\t\t\t<hr>\n\t\t\t\t\t\t<p>La caza de perdiz al salto o en mano con perros, se puede combinar a medida con la caza de conejos o liebres. Jornadas inolvidables para disfrutar con amigos o clientes de empresa.<\/p>\n\t\t\t\t\t\t<img decoding=\"async\" src=\"https:\/\/www.caceriascampodemontiel.com\/wp-content\/themes\/campodemontiel\/assets\/ico-pluma.svg\" class=\"img-fluid\" alt=\"Pluma\" title=\"Pluma\" \/> \n\t\t\t\t\t<\/div>\n\t\t\t\t<\/a>\n\t\t\t<\/div>\t\t\t\t\t\n\t\t\t<div class=\"col-md-4 bloque text-center bg-otras align-items-center\"> \t\t\t\t\n\t\t\t\t<a href=\"\/otras-modalidades-de-caza\/\" title=\"Otras modalidades de caza\">\n\t\t\t\t\t<div class=\"box d-flex align-items-center\">\n\t\t\t\t\t\t<h2>Otras modalidades de caza<\/h2>\n\t\t\t\t\t\t<hr>\n\t\t\t\t\t\t<p>Caza mayor, aves migratorias, conejos y liebres, recechos y cetrer\u00eda.<\/p>\n\t\t\t\t\t\t<img decoding=\"async\" src=\"https:\/\/www.caceriascampodemontiel.com\/wp-content\/themes\/campodemontiel\/assets\/ico-pluma.svg\" class=\"img-fluid\" alt=\"Pluma\" title=\"Pluma\" \/> \n\t\t\t\t\t<\/div>\n\t\t\t\t<\/a>\n\t\t\t<\/div>\t\t\t\t\t\n\t\t<\/div>\n\t<\/div>\n<\/section>\n\n","protected":false},"excerpt":{"rendered":"<p>Controlamos la superpoblaci\u00f3n de depredadores, vitales para la cr\u00eda y el desarrollo de la perdiz salvaje. Nos propri\u00e9t\u00e9s sont g\u00e9r\u00e9es 365 jours par an par nos gardiens, ce qui nous permet de fournir le soutien, l\u2019entretien et les soins n\u00e9cessaires pour une bonne gestion de la chasse et pour un contr\u00f4le des pr\u00e9dateurs efficace et [&hellip;]<\/p>\n","protected":false},"author":1,"featured_media":0,"parent":3266,"menu_order":0,"comment_status":"closed","ping_status":"closed","template":"page-templates\/content-full.php","meta":{"inline_featured_image":false,"footnotes":""},"class_list":["post-3278","page","type-page","status-publish","hentry"],"yoast_head":"<!-- This site is optimized with the Yoast SEO plugin v27.4 - https:\/\/yoast.com\/product\/yoast-seo-wordpress\/ -->\n<title>Contr\u00f4le des pr\u00e9dateurs - Cacer\u00edas Campo de Montiel<\/title>\n<meta name=\"robots\" content=\"index, follow, max-snippet:-1, max-image-preview:large, max-video-preview:-1\" \/>\n<link rel=\"canonical\" href=\"https:\/\/www.caceriascampodemontiel.com\/inversion-rural\/control-de-depredadores\/\" \/>\n<meta property=\"og:locale\" content=\"fr_FR\" \/>\n<meta property=\"og:type\" content=\"article\" \/>\n<meta property=\"og:title\" content=\"Contr\u00f4le des pr\u00e9dateurs - Cacer\u00edas Campo de Montiel\" \/>\n<meta property=\"og:description\" content=\"Controlamos la superpoblaci\u00f3n de depredadores, vitales para la cr\u00eda y el desarrollo de la perdiz salvaje. Nos propri\u00e9t\u00e9s sont g\u00e9r\u00e9es 365 jours par an par nos gardiens, ce qui nous permet de fournir le soutien, l\u2019entretien et les soins n\u00e9cessaires pour une bonne gestion de la chasse et pour un contr\u00f4le des pr\u00e9dateurs efficace et [&hellip;]\" \/>\n<meta property=\"og:url\" content=\"https:\/\/www.caceriascampodemontiel.com\/inversion-rural\/control-de-depredadores\/\" \/>\n<meta property=\"og:site_name\" content=\"Cacer\u00edas Campo de Montiel\" \/>\n<meta property=\"og:image\" content=\"https:\/\/www.caceriascampodemontiel.com\/wp-content\/uploads\/2021\/04\/Slide-depredadores-1.jpg\" \/>\n<meta name=\"twitter:card\" content=\"summary_large_image\" \/>\n<script type=\"application\/ld+json\" class=\"yoast-schema-graph\">{\"@context\":\"https:\\\/\\\/schema.org\",\"@graph\":[{\"@type\":\"WebPage\",\"@id\":\"https:\\\/\\\/www.caceriascampodemontiel.com\\\/inversion-rural\\\/control-de-depredadores\\\/\",\"url\":\"https:\\\/\\\/www.caceriascampodemontiel.com\\\/inversion-rural\\\/control-de-depredadores\\\/\",\"name\":\"Contr\u00f4le des pr\u00e9dateurs - Cacer\u00edas Campo de Montiel\",\"isPartOf\":{\"@id\":\"https:\\\/\\\/www.caceriascampodemontiel.com\\\/#website\"},\"primaryImageOfPage\":{\"@id\":\"https:\\\/\\\/www.caceriascampodemontiel.com\\\/inversion-rural\\\/control-de-depredadores\\\/#primaryimage\"},\"image\":{\"@id\":\"https:\\\/\\\/www.caceriascampodemontiel.com\\\/inversion-rural\\\/control-de-depredadores\\\/#primaryimage\"},\"thumbnailUrl\":\"https:\\\/\\\/www.caceriascampodemontiel.com\\\/wp-content\\\/uploads\\\/2021\\\/04\\\/Slide-depredadores-1.jpg\",\"datePublished\":\"2021-05-05T06:14:28+00:00\",\"breadcrumb\":{\"@id\":\"https:\\\/\\\/www.caceriascampodemontiel.com\\\/inversion-rural\\\/control-de-depredadores\\\/#breadcrumb\"},\"inLanguage\":\"fr-FR\",\"potentialAction\":[{\"@type\":\"ReadAction\",\"target\":[\"https:\\\/\\\/www.caceriascampodemontiel.com\\\/inversion-rural\\\/control-de-depredadores\\\/\"]}]},{\"@type\":\"ImageObject\",\"inLanguage\":\"fr-FR\",\"@id\":\"https:\\\/\\\/www.caceriascampodemontiel.com\\\/inversion-rural\\\/control-de-depredadores\\\/#primaryimage\",\"url\":\"https:\\\/\\\/www.caceriascampodemontiel.com\\\/wp-content\\\/uploads\\\/2021\\\/04\\\/Slide-depredadores-1.jpg\",\"contentUrl\":\"https:\\\/\\\/www.caceriascampodemontiel.com\\\/wp-content\\\/uploads\\\/2021\\\/04\\\/Slide-depredadores-1.jpg\"},{\"@type\":\"BreadcrumbList\",\"@id\":\"https:\\\/\\\/www.caceriascampodemontiel.com\\\/inversion-rural\\\/control-de-depredadores\\\/#breadcrumb\",\"itemListElement\":[{\"@type\":\"ListItem\",\"position\":1,\"name\":\"Home\",\"item\":\"https:\\\/\\\/www.caceriascampodemontiel.com\\\/fr\\\/accueil\\\/\"},{\"@type\":\"ListItem\",\"position\":2,\"name\":\"Notre direction\",\"item\":\"https:\\\/\\\/www.caceriascampodemontiel.com\\\/inversion-rural\\\/\"},{\"@type\":\"ListItem\",\"position\":3,\"name\":\"Contr\u00f4le des pr\u00e9dateurs\"}]},{\"@type\":\"WebSite\",\"@id\":\"https:\\\/\\\/www.caceriascampodemontiel.com\\\/#website\",\"url\":\"https:\\\/\\\/www.caceriascampodemontiel.com\\\/\",\"name\":\"Cacer\u00edas Campo de Montiel | Campo, caza y conservaci\u00f3n\",\"description\":\"Una tradici\u00f3n familiar desde 1971\",\"publisher\":{\"@id\":\"https:\\\/\\\/www.caceriascampodemontiel.com\\\/#organization\"},\"potentialAction\":[{\"@type\":\"SearchAction\",\"target\":{\"@type\":\"EntryPoint\",\"urlTemplate\":\"https:\\\/\\\/www.caceriascampodemontiel.com\\\/?s={search_term_string}\"},\"query-input\":{\"@type\":\"PropertyValueSpecification\",\"valueRequired\":true,\"valueName\":\"search_term_string\"}}],\"inLanguage\":\"fr-FR\"},{\"@type\":\"Organization\",\"@id\":\"https:\\\/\\\/www.caceriascampodemontiel.com\\\/#organization\",\"name\":\"Cacer\u00edas Campo de Montiel\",\"url\":\"https:\\\/\\\/www.caceriascampodemontiel.com\\\/\",\"logo\":{\"@type\":\"ImageObject\",\"inLanguage\":\"fr-FR\",\"@id\":\"https:\\\/\\\/www.caceriascampodemontiel.com\\\/#\\\/schema\\\/logo\\\/image\\\/\",\"url\":\"https:\\\/\\\/www.caceriascampodemontiel.com\\\/wp-content\\\/uploads\\\/2021\\\/02\\\/logo-cacerias-campo-de-montiel2-1.png\",\"contentUrl\":\"https:\\\/\\\/www.caceriascampodemontiel.com\\\/wp-content\\\/uploads\\\/2021\\\/02\\\/logo-cacerias-campo-de-montiel2-1.png\",\"width\":719,\"height\":194,\"caption\":\"Cacer\u00edas Campo de Montiel\"},\"image\":{\"@id\":\"https:\\\/\\\/www.caceriascampodemontiel.com\\\/#\\\/schema\\\/logo\\\/image\\\/\"}}]}<\/script>\n<!-- \/ Yoast SEO plugin. -->","yoast_head_json":{"title":"Contr\u00f4le des pr\u00e9dateurs - Cacer\u00edas Campo de Montiel","robots":{"index":"index","follow":"follow","max-snippet":"max-snippet:-1","max-image-preview":"max-image-preview:large","max-video-preview":"max-video-preview:-1"},"canonical":"https:\/\/www.caceriascampodemontiel.com\/inversion-rural\/control-de-depredadores\/","og_locale":"fr_FR","og_type":"article","og_title":"Contr\u00f4le des pr\u00e9dateurs - Cacer\u00edas Campo de Montiel","og_description":"Controlamos la superpoblaci\u00f3n de depredadores, vitales para la cr\u00eda y el desarrollo de la perdiz salvaje. Nos propri\u00e9t\u00e9s sont g\u00e9r\u00e9es 365 jours par an par nos gardiens, ce qui nous permet de fournir le soutien, l\u2019entretien et les soins n\u00e9cessaires pour une bonne gestion de la chasse et pour un contr\u00f4le des pr\u00e9dateurs efficace et [&hellip;]","og_url":"https:\/\/www.caceriascampodemontiel.com\/inversion-rural\/control-de-depredadores\/","og_site_name":"Cacer\u00edas Campo de Montiel","og_image":[{"url":"https:\/\/www.caceriascampodemontiel.com\/wp-content\/uploads\/2021\/04\/Slide-depredadores-1.jpg","type":"","width":"","height":""}],"twitter_card":"summary_large_image","schema":{"@context":"https:\/\/schema.org","@graph":[{"@type":"WebPage","@id":"https:\/\/www.caceriascampodemontiel.com\/inversion-rural\/control-de-depredadores\/","url":"https:\/\/www.caceriascampodemontiel.com\/inversion-rural\/control-de-depredadores\/","name":"Contr\u00f4le des pr\u00e9dateurs - Cacer\u00edas Campo de Montiel","isPartOf":{"@id":"https:\/\/www.caceriascampodemontiel.com\/#website"},"primaryImageOfPage":{"@id":"https:\/\/www.caceriascampodemontiel.com\/inversion-rural\/control-de-depredadores\/#primaryimage"},"image":{"@id":"https:\/\/www.caceriascampodemontiel.com\/inversion-rural\/control-de-depredadores\/#primaryimage"},"thumbnailUrl":"https:\/\/www.caceriascampodemontiel.com\/wp-content\/uploads\/2021\/04\/Slide-depredadores-1.jpg","datePublished":"2021-05-05T06:14:28+00:00","breadcrumb":{"@id":"https:\/\/www.caceriascampodemontiel.com\/inversion-rural\/control-de-depredadores\/#breadcrumb"},"inLanguage":"fr-FR","potentialAction":[{"@type":"ReadAction","target":["https:\/\/www.caceriascampodemontiel.com\/inversion-rural\/control-de-depredadores\/"]}]},{"@type":"ImageObject","inLanguage":"fr-FR","@id":"https:\/\/www.caceriascampodemontiel.com\/inversion-rural\/control-de-depredadores\/#primaryimage","url":"https:\/\/www.caceriascampodemontiel.com\/wp-content\/uploads\/2021\/04\/Slide-depredadores-1.jpg","contentUrl":"https:\/\/www.caceriascampodemontiel.com\/wp-content\/uploads\/2021\/04\/Slide-depredadores-1.jpg"},{"@type":"BreadcrumbList","@id":"https:\/\/www.caceriascampodemontiel.com\/inversion-rural\/control-de-depredadores\/#breadcrumb","itemListElement":[{"@type":"ListItem","position":1,"name":"Home","item":"https:\/\/www.caceriascampodemontiel.com\/fr\/accueil\/"},{"@type":"ListItem","position":2,"name":"Notre direction","item":"https:\/\/www.caceriascampodemontiel.com\/inversion-rural\/"},{"@type":"ListItem","position":3,"name":"Contr\u00f4le des pr\u00e9dateurs"}]},{"@type":"WebSite","@id":"https:\/\/www.caceriascampodemontiel.com\/#website","url":"https:\/\/www.caceriascampodemontiel.com\/","name":"Cacer\u00edas Campo de Montiel | Campo, caza y conservaci\u00f3n","description":"Una tradici\u00f3n familiar desde 1971","publisher":{"@id":"https:\/\/www.caceriascampodemontiel.com\/#organization"},"potentialAction":[{"@type":"SearchAction","target":{"@type":"EntryPoint","urlTemplate":"https:\/\/www.caceriascampodemontiel.com\/?s={search_term_string}"},"query-input":{"@type":"PropertyValueSpecification","valueRequired":true,"valueName":"search_term_string"}}],"inLanguage":"fr-FR"},{"@type":"Organization","@id":"https:\/\/www.caceriascampodemontiel.com\/#organization","name":"Cacer\u00edas Campo de Montiel","url":"https:\/\/www.caceriascampodemontiel.com\/","logo":{"@type":"ImageObject","inLanguage":"fr-FR","@id":"https:\/\/www.caceriascampodemontiel.com\/#\/schema\/logo\/image\/","url":"https:\/\/www.caceriascampodemontiel.com\/wp-content\/uploads\/2021\/02\/logo-cacerias-campo-de-montiel2-1.png","contentUrl":"https:\/\/www.caceriascampodemontiel.com\/wp-content\/uploads\/2021\/02\/logo-cacerias-campo-de-montiel2-1.png","width":719,"height":194,"caption":"Cacer\u00edas Campo de Montiel"},"image":{"@id":"https:\/\/www.caceriascampodemontiel.com\/#\/schema\/logo\/image\/"}}]}},"_links":{"self":[{"href":"https:\/\/www.caceriascampodemontiel.com\/fr\/wp-json\/wp\/v2\/pages\/3278","targetHints":{"allow":["GET"]}}],"collection":[{"href":"https:\/\/www.caceriascampodemontiel.com\/fr\/wp-json\/wp\/v2\/pages"}],"about":[{"href":"https:\/\/www.caceriascampodemontiel.com\/fr\/wp-json\/wp\/v2\/types\/page"}],"author":[{"embeddable":true,"href":"https:\/\/www.caceriascampodemontiel.com\/fr\/wp-json\/wp\/v2\/users\/1"}],"replies":[{"embeddable":true,"href":"https:\/\/www.caceriascampodemontiel.com\/fr\/wp-json\/wp\/v2\/comments?post=3278"}],"version-history":[{"count":1,"href":"https:\/\/www.caceriascampodemontiel.com\/fr\/wp-json\/wp\/v2\/pages\/3278\/revisions"}],"predecessor-version":[{"id":3279,"href":"https:\/\/www.caceriascampodemontiel.com\/fr\/wp-json\/wp\/v2\/pages\/3278\/revisions\/3279"}],"up":[{"embeddable":true,"href":"https:\/\/www.caceriascampodemontiel.com\/fr\/wp-json\/wp\/v2\/pages\/3266"}],"wp:attachment":[{"href":"https:\/\/www.caceriascampodemontiel.com\/fr\/wp-json\/wp\/v2\/media?parent=3278"}],"curies":[{"name":"wp","href":"https:\/\/api.w.org\/{rel}","templated":true}]}}