{"id":3290,"date":"2021-05-05T06:17:49","date_gmt":"2021-05-05T06:17:49","guid":{"rendered":"https:\/\/www.caceriascampodemontiel.com\/battues-traditionnelles-de-perdrix-rouge\/"},"modified":"2025-09-30T10:54:18","modified_gmt":"2025-09-30T10:54:18","slug":"battues-traditionnelles-de-perdrix-rouge","status":"publish","type":"page","link":"https:\/\/www.caceriascampodemontiel.com\/fr\/battues-traditionnelles-de-perdrix-rouge\/","title":{"rendered":"Battues Traditionnelles de Perdrix Rouge"},"content":{"rendered":" <div class=\"wp-block-cover is-light\"> <img loading=\"lazy\" decoding=\"async\" width=\"1920\" height=\"624\" class=\"wp-block-cover__image-background wp-image-1746\" style=\"object-position: 56% 0%;\" src=\"https:\/\/www.caceriascampodemontiel.com\/wp-content\/uploads\/2021\/03\/Slide-ojeo-de-perdiz-roja.jpg\" alt=\"\" data-object-fit=\"cover\" data-object-position=\"56% 0%\" srcset=\"https:\/\/www.caceriascampodemontiel.com\/wp-content\/uploads\/2021\/03\/Slide-ojeo-de-perdiz-roja.jpg 1920w, https:\/\/www.caceriascampodemontiel.com\/wp-content\/uploads\/2021\/03\/Slide-ojeo-de-perdiz-roja-300x98.jpg 300w, https:\/\/www.caceriascampodemontiel.com\/wp-content\/uploads\/2021\/03\/Slide-ojeo-de-perdiz-roja-1024x333.jpg 1024w, https:\/\/www.caceriascampodemontiel.com\/wp-content\/uploads\/2021\/03\/Slide-ojeo-de-perdiz-roja-768x250.jpg 768w, https:\/\/www.caceriascampodemontiel.com\/wp-content\/uploads\/2021\/03\/Slide-ojeo-de-perdiz-roja-1536x499.jpg 1536w\" sizes=\"auto, (max-width: 1920px) 100vw, 1920px\" \/> <div class=\"wp-block-cover__inner-container is-layout-flow wp-block-cover-is-layout-flow\">  <h1 class=\"wp-block-heading has-text-align-center\">Battue \u00e0 la perdrix rouge<\/h1>  <\/div> <\/div>   <div class=\"wp-block-columns is-layout-flex wp-container-core-columns-is-layout-9d6595d7 wp-block-columns-is-layout-flex\">  <div class=\"wp-block-column is-layout-flow wp-block-column-is-layout-flow\">  <div class=\"wp-block-columns is-layout-flex wp-container-core-columns-is-layout-9d6595d7 wp-block-columns-is-layout-flex\">  <div class=\"wp-block-column is-layout-flow wp-block-column-is-layout-flow\">  <h2 class=\"wp-block-heading\">Nous disposons de plus de 80 combinaisons diff\u00e9rentes de battues de perdrix rouge, sans r\u00e9p\u00e9ter la m\u00eame zone de chasse, avec des sc\u00e9narios vari\u00e9s et diff\u00e9rents types d\u2019orographie, r\u00e9parties en&nbsp;:<\/h2>  \r\n\r\n<strong>Battues planes traditionnelles<\/strong> o\u00f9 la perdrix doit remonter avec bravoure au-dessus des postes, avec des vols de tr\u00e8s haute qualit\u00e9, recommand\u00e9es pour tous les niveaux de chasseurs.\r\n\r\n \r\n\r\n<strong>Battues avec ondulations moyennes et petits ravins<\/strong>, vivement conseill\u00e9es pour des chasseurs de niveau interm\u00e9diaire, o\u00f9 la perdrix arrive tr\u00e8s vite en surprenant le tireur, tout en offrant une grande visibilit\u00e9 pour anticiper le vol de la perdrix.\r\n\r\n \r\n\r\n<strong>Battues avec grands ravins<\/strong>, recommand\u00e9es uniquement aux chasseurs professionnels et exigeants, avec des vols \u00e0 une hauteur comprise entre 60 et 100\u00a0m\u00e8tres o\u00f9 perdrix et chasseur se livrent un duel. Dans ce type de battues, les perdrix arrivent souvent tr\u00e8s hautes, parfois m\u00eame hors de port\u00e9e de tir\u2026 C\u2019est pourquoi elles ne seront propos\u00e9es qu\u2019\u00e0 des chasseurs exp\u00e9riment\u00e9s, en veillant autant que possible \u00e0 r\u00e9aliser des tirs pr\u00e9cis afin d\u2019\u00e9viter de laisser du gibier bless\u00e9 qui mourrait les jours suivants.\r\n\r\n <\/div>   <div class=\"wp-block-column is-layout-flow wp-block-column-is-layout-flow\">  <div class=\"wp-block-nextend-smartslider3\"><\/div>  <\/div>  <\/div>  <\/div>  <\/div>   <div class=\"wp-block-columns align-items-center is-layout-flex wp-container-core-columns-is-layout-9d6595d7 wp-block-columns-is-layout-flex\">  <div class=\"wp-block-column is-layout-flow wp-block-column-is-layout-flow\">  <figure class=\"wp-block-image size-large\"><img loading=\"lazy\" decoding=\"async\" width=\"690\" height=\"570\" class=\"wp-image-152\" src=\"https:\/\/www.caceriascampodemontiel.com\/wp-content\/uploads\/2021\/03\/ojeo-con-perdiz-roja-02.jpg\" alt=\"\" srcset=\"https:\/\/www.caceriascampodemontiel.com\/wp-content\/uploads\/2021\/03\/ojeo-con-perdiz-roja-02.jpg 690w, https:\/\/www.caceriascampodemontiel.com\/wp-content\/uploads\/2021\/03\/ojeo-con-perdiz-roja-02-300x248.jpg 300w\" sizes=\"auto, (max-width: 690px) 100vw, 690px\" \/><\/figure>  <\/div>   <div class=\"wp-block-column is-layout-flow wp-block-column-is-layout-flow\">  <h2 class=\"wp-block-heading\">Nos battues de perdrix rouge se d\u00e9roulent dans un style traditionnel avec des perdrix sauvages sur le terrain&nbsp;: il ne s\u2019agit ni de l\u00e2chers directs ni de pratiques similaires, uniquement de la battue traditionnelle avec chevaux, rabatteurs, etc.<\/h2>  \r\n\r\nLors d\u2019une journ\u00e9e de battue traditionnelle de perdrix rouge avec une dizaine de chasseurs, le personnel n\u00e9cessaire est d\u2019environ 50 \u00e0 80\u00a0personnes (selon le nombre de pi\u00e8ces \u00e0 pr\u00e9lever), assumant des fonctions telles que rabatteurs, cavaliers, secr\u00e9taires avec chiens, chargeurs, armuriers, gardes, conducteurs 4\u00d74, serveurs, cuisiniers et bien d\u2019autres.\r\n\r\n \r\n\r\nL\u2019impact socio-\u00e9conomique de la chasse dans ces zones rurales d\u00e9favoris\u00e9es est vital, car de nombreuses familles d\u00e9pendent \u00e9conomiquement des chasses c\u00e9l\u00e9br\u00e9es dans la r\u00e9gion comme unique moyen de subsistance. La modalit\u00e9 de chasse de la perdrix rouge autochtone, connue comme \u00ab\u00a0ojeo\u00a0\u00bb (battue), a commenc\u00e9 \u00e0 la fin du XIX<sup>e<\/sup>\u00a0si\u00e8cle. C\u2019est gr\u00e2ce \u00e0 l\u2019immense passion que le roi Alphonse\u00a0XIII \u00e9prouvait pour cette modalit\u00e9 que certaines des familles les plus riches et influentes de l\u2019\u00e9poque s\u2019y sont int\u00e9ress\u00e9es, se r\u00e9pandant ainsi dans toute l\u2019Espagne cette nouvelle forme de chasse appel\u00e9e \u00ab\u00a0battue de perdrix rouge\u00a0\u00bb, particuli\u00e8rement dans la r\u00e9gion de Castille-La Manche, avec son point culminant \u00e0 Ciudad Real et dans la comarque du Campo de Montiel.\r\n\r\n <\/div>  <\/div>   <div class=\"wp-block-columns align-items-center is-layout-flex wp-container-core-columns-is-layout-9d6595d7 wp-block-columns-is-layout-flex\">  <div class=\"wp-block-column is-layout-flow wp-block-column-is-layout-flow\"> \r\n\r\nApr\u00e8s le r\u00e8gne d\u2019Alphonse\u00a0XIII, s\u2019ouvrit une p\u00e9riode marqu\u00e9e par un grand effort des propri\u00e9taires de domaines de chasse en Espagne pour l\u2019\u00e9levage de la perdrix rouge autochtone, obtenant d\u2019excellents r\u00e9sultats de reproduction et une abondance impressionnante de perdrix rouges.\r\n\r\n \r\n\r\nAujourd\u2019hui, la chasse de la perdrix rouge autochtone est connue dans le monde entier, \u00ab\u00a0La\u00a0Mancha\u00a0\u00bb, et en particulier le Campo de Montiel situ\u00e9 \u00e0 Ciudad Real, \u00e9tant l\u2019un des lieux privil\u00e9gi\u00e9s pour sa pratique, car la perdrix rouge autochtone est \u00ab\u00a0unique\u00a0\u00bb et ne se trouve qu\u2019en Espagne. Sa pratique est d\u2019une grande importance et a une forte r\u00e9percussion sociale, positionnant ce pays comme destination exclusive pour les chasseurs exigeants qui recherchent une grande qualit\u00e9 et bravoure dans leurs chasses \u00e0 la perdrix rouge.\r\n\r\n <\/div>   <div class=\"wp-block-column is-layout-flow wp-block-column-is-layout-flow\">  <figure class=\"wp-block-image size-large\"><img loading=\"lazy\" decoding=\"async\" width=\"690\" height=\"570\" class=\"wp-image-153\" src=\"https:\/\/www.caceriascampodemontiel.com\/wp-content\/uploads\/2021\/03\/ojeo-con-perdiz-roja-03.jpg\" alt=\"\" srcset=\"https:\/\/www.caceriascampodemontiel.com\/wp-content\/uploads\/2021\/03\/ojeo-con-perdiz-roja-03.jpg 690w, https:\/\/www.caceriascampodemontiel.com\/wp-content\/uploads\/2021\/03\/ojeo-con-perdiz-roja-03-300x248.jpg 300w\" sizes=\"auto, (max-width: 690px) 100vw, 690px\" \/><\/figure>  <\/div>  <\/div>   <div class=\"wp-block-nextend-smartslider3\"><\/div>   <div class=\"wp-block-columns is-layout-flex wp-container-core-columns-is-layout-9d6595d7 wp-block-columns-is-layout-flex\">  <div class=\"wp-block-column is-layout-flow wp-block-column-is-layout-flow\">  <div class=\"wp-block-nextend-smartslider3\"><\/div>  \r\n\r\nChasse en battue de perdrix rouge \u00e0 Ciudad Real\r\n\r\n <\/div>   <div class=\"wp-block-column is-layout-flow wp-block-column-is-layout-flow\">  <div class=\"wp-block-nextend-smartslider3\"><\/div>  \r\n\r\nChasses de perdrix en battue traditionnelle \u00e0 Ciudad Real\r\n\r\n <\/div>   <div class=\"wp-block-column is-layout-flow wp-block-column-is-layout-flow\">  <div class=\"wp-block-nextend-smartslider3\"><\/div>  \r\n\r\nBattue de perdrix rouge, test de cartouches Rio avec Iberalia GO\r\n\r\n <\/div>  <\/div>  <section id=\"formulario-desea-cazar\">\n \t<div class=\"container\">\n\t\t<div class=\"row bloque-titular\">\n\t\t\t<div class=\"col-md-12 text-center\">\n\t\t\t\t<div class=\"titular\">\u00bfDesea cazar con nosotros?<\/div>\n\t\t\t\t<hr>\n\t\t\t\t<p class=\"text-center\">Facil\u00edtenos sus datos y nos pondremos en contacto con usted a la mayor brevedad posible.<\/p>\n\t\t\t<\/div>\n\t\t<\/div>\n\t\t<div class=\"formulario-caza\">\n\t\t\t\n<div class=\"wpcf7 no-js\" id=\"wpcf7-f3419-o1\" lang=\"es-ES\" dir=\"ltr\" data-wpcf7-id=\"3419\">\n<div class=\"screen-reader-response\"><p role=\"status\" aria-live=\"polite\" aria-atomic=\"true\"><\/p> <ul><\/ul><\/div>\n<form action=\"\/fr\/wp-json\/wp\/v2\/pages\/3290#wpcf7-f3419-o1\" method=\"post\" class=\"wpcf7-form init\" aria-label=\"Formulario de contacto\" novalidate=\"novalidate\" data-status=\"init\">\n<div style=\"display: none;\">\n<input type=\"hidden\" name=\"_wpcf7\" value=\"3419\" \/>\n<input type=\"hidden\" name=\"_wpcf7_version\" value=\"6.0.6\" \/>\n<input type=\"hidden\" name=\"_wpcf7_locale\" value=\"es_ES\" \/>\n<input type=\"hidden\" name=\"_wpcf7_unit_tag\" value=\"wpcf7-f3419-o1\" \/>\n<input type=\"hidden\" name=\"_wpcf7_container_post\" value=\"0\" \/>\n<input type=\"hidden\" name=\"_wpcf7_posted_data_hash\" value=\"\" \/>\n<input type=\"hidden\" name=\"_wpcf7_recaptcha_response\" value=\"\" \/>\n<\/div>\n<div class=\"row\">\n\t<div class=\"col-md-4\">\n\t\t<p><span class=\"wpcf7-form-control-wrap\" data-name=\"your-name\"><input size=\"40\" maxlength=\"400\" class=\"wpcf7-form-control wpcf7-text wpcf7-validates-as-required\" aria-required=\"true\" aria-invalid=\"false\" placeholder=\"Nombre*\" value=\"\" type=\"text\" name=\"your-name\" \/><\/span>\n\t\t<\/p>\n\t<\/div>\n\t<div class=\"col-md-4\">\n\t\t<p><span class=\"wpcf7-form-control-wrap\" data-name=\"your-email\"><input size=\"40\" maxlength=\"400\" class=\"wpcf7-form-control wpcf7-email wpcf7-validates-as-required wpcf7-text wpcf7-validates-as-email\" aria-required=\"true\" aria-invalid=\"false\" placeholder=\"Email*\" value=\"\" type=\"email\" name=\"your-email\" \/><\/span>\n\t\t<\/p>\n\t<\/div>\n\t<div class=\"col-md-4\">\n\t\t<p><span class=\"wpcf7-form-control-wrap\" data-name=\"your-phone\"><input size=\"40\" maxlength=\"400\" class=\"wpcf7-form-control wpcf7-text wpcf7-validates-as-required\" aria-required=\"true\" aria-invalid=\"false\" placeholder=\"Tel\u00e9fono*\" value=\"\" type=\"text\" name=\"your-phone\" \/><\/span>\n\t\t<\/p>\n\t<\/div>\n<\/div>\n<div class=\"row\">\n\t<div class=\"col-md-4\">\n\t\t<p><span class=\"wpcf7-form-control-wrap\" data-name=\"your-ciudad\"><input size=\"40\" maxlength=\"400\" class=\"wpcf7-form-control wpcf7-text wpcf7-validates-as-required\" aria-required=\"true\" aria-invalid=\"false\" placeholder=\"Ciudad*\" value=\"\" type=\"text\" name=\"your-ciudad\" \/><\/span>\n\t\t<\/p>\n\t<\/div>\n\t<div class=\"col-md-8\">\n\t\t<p><span class=\"wpcf7-form-control-wrap\" data-name=\"your-mensaje\"><input size=\"40\" maxlength=\"400\" class=\"wpcf7-form-control wpcf7-text\" aria-invalid=\"false\" placeholder=\"Mensaje\" value=\"\" type=\"text\" name=\"your-mensaje\" \/><\/span>\n\t\t<\/p>\n\t<\/div>\n<\/div>\n<div class=\"row\">\n\t<div class=\"col-md-4 d-flex politica\">\n\t\t<p><span class=\"wpcf7-form-control-wrap\" data-name=\"politica\"><span class=\"wpcf7-form-control wpcf7-acceptance\"><span class=\"wpcf7-list-item\"><label><input type=\"checkbox\" name=\"politica\" value=\"1\" aria-invalid=\"false\" \/><span class=\"wpcf7-list-item-label\"><i><\/i> He le\u00eddo y acepto la<\/span><\/label><\/span><\/span><\/span><a href=\"#politica-de-privacidad\" data-toggle=\"modal\" data-target=\".bd-example-modal-lg\" target=\"_blank\">pol\u00edtica de privacidad<\/a>\n\t\t<\/p>\n\t<\/div>\n\t<div class=\"col-md-4\">\n\t\t<p>*Campos obligatorios.\n\t\t<\/p>\n\t<\/div>\n\t<div class=\"col-md-4 text-right\">\n\t\t<p><input class=\"wpcf7-form-control wpcf7-submit has-spinner btn\" type=\"submit\" value=\"Enviar formulario\" \/>\n\t\t<\/p>\n\t<\/div>\n<\/div><div class=\"wpcf7-response-output\" aria-hidden=\"true\"><\/div>\n<\/form>\n<\/div>\n\t\t<\/div>\n\t<\/div>\n<\/section>\n\n","protected":false},"excerpt":{"rendered":"<p>Nous disposons de plus de 80 combinaisons diff\u00e9rentes de battues de perdrix rouge, sans r\u00e9p\u00e9ter la m\u00eame zone de chasse, avec des sc\u00e9narios vari\u00e9s et diff\u00e9rents types d\u2019orographie, r\u00e9parties en&nbsp;: Battues planes traditionnelles o\u00f9 la perdrix doit remonter avec bravoure au-dessus des postes, avec des vols de tr\u00e8s haute qualit\u00e9, recommand\u00e9es pour tous les niveaux [&hellip;]<\/p>\n","protected":false},"author":1,"featured_media":0,"parent":0,"menu_order":0,"comment_status":"closed","ping_status":"closed","template":"page-templates\/content-full.php","meta":{"inline_featured_image":false,"footnotes":""},"class_list":["post-3290","page","type-page","status-publish","hentry"],"yoast_head":"<!-- This site is optimized with the Yoast SEO plugin v27.4 - https:\/\/yoast.com\/product\/yoast-seo-wordpress\/ -->\n<title>Battues Traditionnelles de Perdrix Rouge | Chasse | Campo de Montiel<\/title>\n<meta name=\"description\" content=\"Vivez l&#039;exp\u00e9rience passionnante de la chasse \u00e0 la perdrix rouge dans la belle campagne de Ciudad Real et de Monte de Madrid. Une chasse de qualit\u00e9 vous attend.\" \/>\n<meta name=\"robots\" content=\"index, follow, max-snippet:-1, max-image-preview:large, max-video-preview:-1\" \/>\n<link rel=\"canonical\" href=\"https:\/\/www.caceriascampodemontiel.com\/ojeo-de-perdiz-roja\/\" \/>\n<meta property=\"og:locale\" content=\"fr_FR\" \/>\n<meta property=\"og:type\" content=\"article\" \/>\n<meta property=\"og:title\" content=\"Battues Traditionnelles de Perdrix Rouge | Chasse | Campo de Montiel\" \/>\n<meta property=\"og:description\" content=\"Vivez l&#039;exp\u00e9rience passionnante de la chasse \u00e0 la perdrix rouge dans la belle campagne de Ciudad Real et de Monte de Madrid. Une chasse de qualit\u00e9 vous attend.\" \/>\n<meta property=\"og:url\" content=\"https:\/\/www.caceriascampodemontiel.com\/ojeo-de-perdiz-roja\/\" \/>\n<meta property=\"og:site_name\" content=\"Cacer\u00edas Campo de Montiel\" \/>\n<meta property=\"article:modified_time\" content=\"2025-09-30T10:54:18+00:00\" \/>\n<meta property=\"og:image\" content=\"https:\/\/www.caceriascampodemontiel.com\/wp-content\/uploads\/2021\/03\/Slide-ojeo-de-perdiz-roja.jpg\" \/>\n\t<meta property=\"og:image:width\" content=\"1920\" \/>\n\t<meta property=\"og:image:height\" content=\"624\" \/>\n\t<meta property=\"og:image:type\" content=\"image\/jpeg\" \/>\n<meta name=\"twitter:card\" content=\"summary_large_image\" \/>\n<meta name=\"twitter:label1\" content=\"Dur\u00e9e de lecture estim\u00e9e\" \/>\n\t<meta name=\"twitter:data1\" content=\"3 minutes\" \/>\n<script type=\"application\/ld+json\" class=\"yoast-schema-graph\">{\"@context\":\"https:\\\/\\\/schema.org\",\"@graph\":[{\"@type\":\"WebPage\",\"@id\":\"https:\\\/\\\/www.caceriascampodemontiel.com\\\/ojeo-de-perdiz-roja\\\/\",\"url\":\"https:\\\/\\\/www.caceriascampodemontiel.com\\\/ojeo-de-perdiz-roja\\\/\",\"name\":\"Battues Traditionnelles de Perdrix Rouge | Chasse | Campo de Montiel\",\"isPartOf\":{\"@id\":\"https:\\\/\\\/www.caceriascampodemontiel.com\\\/#website\"},\"primaryImageOfPage\":{\"@id\":\"https:\\\/\\\/www.caceriascampodemontiel.com\\\/ojeo-de-perdiz-roja\\\/#primaryimage\"},\"image\":{\"@id\":\"https:\\\/\\\/www.caceriascampodemontiel.com\\\/ojeo-de-perdiz-roja\\\/#primaryimage\"},\"thumbnailUrl\":\"https:\\\/\\\/www.caceriascampodemontiel.com\\\/wp-content\\\/uploads\\\/2021\\\/03\\\/Slide-ojeo-de-perdiz-roja.jpg\",\"datePublished\":\"2021-05-05T06:17:49+00:00\",\"dateModified\":\"2025-09-30T10:54:18+00:00\",\"description\":\"Vivez l'exp\u00e9rience passionnante de la chasse \u00e0 la perdrix rouge dans la belle campagne de Ciudad Real et de Monte de Madrid. Une chasse de qualit\u00e9 vous attend.\",\"breadcrumb\":{\"@id\":\"https:\\\/\\\/www.caceriascampodemontiel.com\\\/ojeo-de-perdiz-roja\\\/#breadcrumb\"},\"inLanguage\":\"fr-FR\",\"potentialAction\":[{\"@type\":\"ReadAction\",\"target\":[\"https:\\\/\\\/www.caceriascampodemontiel.com\\\/ojeo-de-perdiz-roja\\\/\"]}]},{\"@type\":\"ImageObject\",\"inLanguage\":\"fr-FR\",\"@id\":\"https:\\\/\\\/www.caceriascampodemontiel.com\\\/ojeo-de-perdiz-roja\\\/#primaryimage\",\"url\":\"https:\\\/\\\/www.caceriascampodemontiel.com\\\/wp-content\\\/uploads\\\/2021\\\/03\\\/Slide-ojeo-de-perdiz-roja.jpg\",\"contentUrl\":\"https:\\\/\\\/www.caceriascampodemontiel.com\\\/wp-content\\\/uploads\\\/2021\\\/03\\\/Slide-ojeo-de-perdiz-roja.jpg\"},{\"@type\":\"BreadcrumbList\",\"@id\":\"https:\\\/\\\/www.caceriascampodemontiel.com\\\/ojeo-de-perdiz-roja\\\/#breadcrumb\",\"itemListElement\":[{\"@type\":\"ListItem\",\"position\":1,\"name\":\"Home\",\"item\":\"https:\\\/\\\/www.caceriascampodemontiel.com\\\/fr\\\/accueil\\\/\"},{\"@type\":\"ListItem\",\"position\":2,\"name\":\"Battues Traditionnelles de Perdrix Rouge\"}]},{\"@type\":\"WebSite\",\"@id\":\"https:\\\/\\\/www.caceriascampodemontiel.com\\\/#website\",\"url\":\"https:\\\/\\\/www.caceriascampodemontiel.com\\\/\",\"name\":\"Cacer\u00edas Campo de Montiel | Campo, caza y conservaci\u00f3n\",\"description\":\"Una tradici\u00f3n familiar desde 1971\",\"publisher\":{\"@id\":\"https:\\\/\\\/www.caceriascampodemontiel.com\\\/#organization\"},\"potentialAction\":[{\"@type\":\"SearchAction\",\"target\":{\"@type\":\"EntryPoint\",\"urlTemplate\":\"https:\\\/\\\/www.caceriascampodemontiel.com\\\/?s={search_term_string}\"},\"query-input\":{\"@type\":\"PropertyValueSpecification\",\"valueRequired\":true,\"valueName\":\"search_term_string\"}}],\"inLanguage\":\"fr-FR\"},{\"@type\":\"Organization\",\"@id\":\"https:\\\/\\\/www.caceriascampodemontiel.com\\\/#organization\",\"name\":\"Cacer\u00edas Campo de Montiel\",\"url\":\"https:\\\/\\\/www.caceriascampodemontiel.com\\\/\",\"logo\":{\"@type\":\"ImageObject\",\"inLanguage\":\"fr-FR\",\"@id\":\"https:\\\/\\\/www.caceriascampodemontiel.com\\\/#\\\/schema\\\/logo\\\/image\\\/\",\"url\":\"https:\\\/\\\/www.caceriascampodemontiel.com\\\/wp-content\\\/uploads\\\/2021\\\/02\\\/logo-cacerias-campo-de-montiel2-1.png\",\"contentUrl\":\"https:\\\/\\\/www.caceriascampodemontiel.com\\\/wp-content\\\/uploads\\\/2021\\\/02\\\/logo-cacerias-campo-de-montiel2-1.png\",\"width\":719,\"height\":194,\"caption\":\"Cacer\u00edas Campo de Montiel\"},\"image\":{\"@id\":\"https:\\\/\\\/www.caceriascampodemontiel.com\\\/#\\\/schema\\\/logo\\\/image\\\/\"}}]}<\/script>\n<!-- \/ Yoast SEO plugin. -->","yoast_head_json":{"title":"Battues Traditionnelles de Perdrix Rouge | Chasse | Campo de Montiel","description":"Vivez l'exp\u00e9rience passionnante de la chasse \u00e0 la perdrix rouge dans la belle campagne de Ciudad Real et de Monte de Madrid. Une chasse de qualit\u00e9 vous attend.","robots":{"index":"index","follow":"follow","max-snippet":"max-snippet:-1","max-image-preview":"max-image-preview:large","max-video-preview":"max-video-preview:-1"},"canonical":"https:\/\/www.caceriascampodemontiel.com\/ojeo-de-perdiz-roja\/","og_locale":"fr_FR","og_type":"article","og_title":"Battues Traditionnelles de Perdrix Rouge | Chasse | Campo de Montiel","og_description":"Vivez l'exp\u00e9rience passionnante de la chasse \u00e0 la perdrix rouge dans la belle campagne de Ciudad Real et de Monte de Madrid. Une chasse de qualit\u00e9 vous attend.","og_url":"https:\/\/www.caceriascampodemontiel.com\/ojeo-de-perdiz-roja\/","og_site_name":"Cacer\u00edas Campo de Montiel","article_modified_time":"2025-09-30T10:54:18+00:00","og_image":[{"width":1920,"height":624,"url":"https:\/\/www.caceriascampodemontiel.com\/wp-content\/uploads\/2021\/03\/Slide-ojeo-de-perdiz-roja.jpg","type":"image\/jpeg"}],"twitter_card":"summary_large_image","twitter_misc":{"Dur\u00e9e de lecture estim\u00e9e":"3 minutes"},"schema":{"@context":"https:\/\/schema.org","@graph":[{"@type":"WebPage","@id":"https:\/\/www.caceriascampodemontiel.com\/ojeo-de-perdiz-roja\/","url":"https:\/\/www.caceriascampodemontiel.com\/ojeo-de-perdiz-roja\/","name":"Battues Traditionnelles de Perdrix Rouge | Chasse | Campo de Montiel","isPartOf":{"@id":"https:\/\/www.caceriascampodemontiel.com\/#website"},"primaryImageOfPage":{"@id":"https:\/\/www.caceriascampodemontiel.com\/ojeo-de-perdiz-roja\/#primaryimage"},"image":{"@id":"https:\/\/www.caceriascampodemontiel.com\/ojeo-de-perdiz-roja\/#primaryimage"},"thumbnailUrl":"https:\/\/www.caceriascampodemontiel.com\/wp-content\/uploads\/2021\/03\/Slide-ojeo-de-perdiz-roja.jpg","datePublished":"2021-05-05T06:17:49+00:00","dateModified":"2025-09-30T10:54:18+00:00","description":"Vivez l'exp\u00e9rience passionnante de la chasse \u00e0 la perdrix rouge dans la belle campagne de Ciudad Real et de Monte de Madrid. Une chasse de qualit\u00e9 vous attend.","breadcrumb":{"@id":"https:\/\/www.caceriascampodemontiel.com\/ojeo-de-perdiz-roja\/#breadcrumb"},"inLanguage":"fr-FR","potentialAction":[{"@type":"ReadAction","target":["https:\/\/www.caceriascampodemontiel.com\/ojeo-de-perdiz-roja\/"]}]},{"@type":"ImageObject","inLanguage":"fr-FR","@id":"https:\/\/www.caceriascampodemontiel.com\/ojeo-de-perdiz-roja\/#primaryimage","url":"https:\/\/www.caceriascampodemontiel.com\/wp-content\/uploads\/2021\/03\/Slide-ojeo-de-perdiz-roja.jpg","contentUrl":"https:\/\/www.caceriascampodemontiel.com\/wp-content\/uploads\/2021\/03\/Slide-ojeo-de-perdiz-roja.jpg"},{"@type":"BreadcrumbList","@id":"https:\/\/www.caceriascampodemontiel.com\/ojeo-de-perdiz-roja\/#breadcrumb","itemListElement":[{"@type":"ListItem","position":1,"name":"Home","item":"https:\/\/www.caceriascampodemontiel.com\/fr\/accueil\/"},{"@type":"ListItem","position":2,"name":"Battues Traditionnelles de Perdrix Rouge"}]},{"@type":"WebSite","@id":"https:\/\/www.caceriascampodemontiel.com\/#website","url":"https:\/\/www.caceriascampodemontiel.com\/","name":"Cacer\u00edas Campo de Montiel | Campo, caza y conservaci\u00f3n","description":"Una tradici\u00f3n familiar desde 1971","publisher":{"@id":"https:\/\/www.caceriascampodemontiel.com\/#organization"},"potentialAction":[{"@type":"SearchAction","target":{"@type":"EntryPoint","urlTemplate":"https:\/\/www.caceriascampodemontiel.com\/?s={search_term_string}"},"query-input":{"@type":"PropertyValueSpecification","valueRequired":true,"valueName":"search_term_string"}}],"inLanguage":"fr-FR"},{"@type":"Organization","@id":"https:\/\/www.caceriascampodemontiel.com\/#organization","name":"Cacer\u00edas Campo de Montiel","url":"https:\/\/www.caceriascampodemontiel.com\/","logo":{"@type":"ImageObject","inLanguage":"fr-FR","@id":"https:\/\/www.caceriascampodemontiel.com\/#\/schema\/logo\/image\/","url":"https:\/\/www.caceriascampodemontiel.com\/wp-content\/uploads\/2021\/02\/logo-cacerias-campo-de-montiel2-1.png","contentUrl":"https:\/\/www.caceriascampodemontiel.com\/wp-content\/uploads\/2021\/02\/logo-cacerias-campo-de-montiel2-1.png","width":719,"height":194,"caption":"Cacer\u00edas Campo de Montiel"},"image":{"@id":"https:\/\/www.caceriascampodemontiel.com\/#\/schema\/logo\/image\/"}}]}},"_links":{"self":[{"href":"https:\/\/www.caceriascampodemontiel.com\/fr\/wp-json\/wp\/v2\/pages\/3290","targetHints":{"allow":["GET"]}}],"collection":[{"href":"https:\/\/www.caceriascampodemontiel.com\/fr\/wp-json\/wp\/v2\/pages"}],"about":[{"href":"https:\/\/www.caceriascampodemontiel.com\/fr\/wp-json\/wp\/v2\/types\/page"}],"author":[{"embeddable":true,"href":"https:\/\/www.caceriascampodemontiel.com\/fr\/wp-json\/wp\/v2\/users\/1"}],"replies":[{"embeddable":true,"href":"https:\/\/www.caceriascampodemontiel.com\/fr\/wp-json\/wp\/v2\/comments?post=3290"}],"version-history":[{"count":2,"href":"https:\/\/www.caceriascampodemontiel.com\/fr\/wp-json\/wp\/v2\/pages\/3290\/revisions"}],"predecessor-version":[{"id":3878,"href":"https:\/\/www.caceriascampodemontiel.com\/fr\/wp-json\/wp\/v2\/pages\/3290\/revisions\/3878"}],"wp:attachment":[{"href":"https:\/\/www.caceriascampodemontiel.com\/fr\/wp-json\/wp\/v2\/media?parent=3290"}],"curies":[{"name":"wp","href":"https:\/\/api.w.org\/{rel}","templated":true}]}}