{"id":3345,"date":"2021-05-07T11:50:17","date_gmt":"2021-05-07T11:50:17","guid":{"rendered":"https:\/\/www.caceriascampodemontiel.com\/autres-modalites-de-chasse\/"},"modified":"2023-12-20T10:12:06","modified_gmt":"2023-12-20T10:12:06","slug":"autres-modalites-de-chasse","status":"publish","type":"page","link":"https:\/\/www.caceriascampodemontiel.com\/fr\/autres-modalites-de-chasse\/","title":{"rendered":"Autres modalit\u00e9s de Chasse"},"content":{"rendered":"\n<div class=\"wp-block-cover\" style=\"background-image:url(https:\/\/www.caceriascampodemontiel.com\/wp-content\/uploads\/2021\/03\/slider-modalidades-de-caza.jpg);background-position:48% 75%\"><div class=\"wp-block-cover__inner-container is-layout-flow wp-block-cover-is-layout-flow\">\n<h1 class=\"has-text-align-center wp-block-heading\">Autres modalit\u00e9s de Chasse<\/h1>\n<\/div><\/div>\n\n<div class=\"wp-block-columns is-layout-flex wp-container-core-columns-is-layout-9d6595d7 wp-block-columns-is-layout-flex\">\n<div class=\"wp-block-column is-layout-flow wp-block-column-is-layout-flow\">\n<h2 class=\"has-text-align-center mt-5 wp-block-heading\">Avec Cacer\u00edas Campo de Montiel S.L, tout est possible.&#13;\nNous avons d&rsquo;autres modalit\u00e9s de chasse, migrateurs (grive), le lapin et le li\u00e8vre, perdrix rouge, monteria traditionnelle, chasse au gros (marcher) et la fauconnerie.<\/h2>\n<\/div>\n<\/div>\n<section id=\"modalidades-de-caza\">\n \t<div class=\"container\">\n\t\t<div class=\"row bloque-titular\">\n\t\t\t<div class=\"col-md-12 text-center\">\n\t\t\t\t<div class=\"titular\">Modalidades de caza<\/div>\n\t\t\t\t<hr>\n\t\t\t<\/div>\n\t\t<\/div>\n\t\t<div class=\"row\">\n\t\t\t<div class=\"col-md-4 bloque text-center migratorias\">\n\t\t\t\t<a href=\"\/otras-modalidades-de-caza\/migratorias\/\" title=\"Migratorias\">\n\t\t\t\t\t<h5 class=\"d-block text-center h-100\">Migratorias<\/h5>\n\t\t\t\t<\/a>\n \t\t\t<\/div>\n\t\t\t<div class=\"col-md-4 bloque text-center conejos\">\n\t\t\t\t<a href=\"\/otras-modalidades-de-caza\/conejos-y-liebres\/\" title=\"Conejos y liebres\">\n\t\t\t\t\t<h5>Conejos y liebres<\/h5>\n\t\t\t\t<\/a>\n \t\t\t<\/div>\n\t\t\t<div class=\"col-md-4 bloque text-center perdiz\">\n\t\t\t\t<a href=\"\/otras-modalidades-de-caza\/perdiz-roja\/\" title=\"Perdiz Roja\">\n\t\t\t\t\t<h5>Perdiz Roja<\/h5>\n\t\t\t\t<\/a>\n \t\t\t<\/div>\n\t\t\t<div class=\"col-md-4 bloque text-center mayor\">\n\t\t\t\t<a href=\"\/otras-modalidades-de-caza\/monteria\/\" title=\"Caza mayor\">\n\t\t\t\t\t<h5>Caza mayor<\/h5>\n\t\t\t\t<\/a>\n \t\t\t<\/div>\n\t\t\t<div class=\"col-md-4 bloque text-center recechos\">\n\t\t\t\t<a href=\"\/otras-modalidades-de-caza\/recechos\/\" title=\"Recechos\">\n\t\t\t\t\t<h5>Recechos<\/h5>\n\t\t\t\t<\/a>\n \t\t\t<\/div>\n\t\t\t<div class=\"col-md-4 bloque text-center cetreria\">\n\t\t\t\t<a href=\"\/otras-modalidades-de-caza\/cetreria\/\" title=\"Cetrer\u00eda\">\n\t\t\t\t\t<h5>Cetrer\u00eda<\/h5>\n\t\t\t\t<\/a>\n \t\t\t<\/div>\n\t\t<\/div>\n\t<\/div>\n<\/section>\n","protected":false},"excerpt":{"rendered":"<p>Avec Cacer\u00edas Campo de Montiel S.L, tout est possible.&#13; Nous avons d&rsquo;autres modalit\u00e9s de chasse, migrateurs (grive), le lapin et le li\u00e8vre, perdrix rouge, monteria traditionnelle, chasse au gros (marcher) et la fauconnerie.<\/p>\n","protected":false},"author":1,"featured_media":0,"parent":0,"menu_order":0,"comment_status":"closed","ping_status":"closed","template":"page-templates\/content-full.php","meta":{"inline_featured_image":false,"footnotes":""},"class_list":["post-3345","page","type-page","status-publish","hentry"],"yoast_head":"<!-- This site is optimized with the Yoast SEO plugin v27.4 - https:\/\/yoast.com\/product\/yoast-seo-wordpress\/ -->\n<title>Autres Modalit\u00e9s de Chasse | Campo Montiel<\/title>\n<meta name=\"description\" content=\"Autres Modalitit\u00e9s de chasse: Migrateur, Le lapin et au li\u00e9vre, Perdrix Rouge, Grande Chasse, Marcher et Fauconnerie\" \/>\n<meta name=\"robots\" content=\"index, follow, max-snippet:-1, max-image-preview:large, max-video-preview:-1\" \/>\n<link rel=\"canonical\" href=\"https:\/\/www.caceriascampodemontiel.com\/fr\/autres-modalites-de-chasse\/\" \/>\n<meta property=\"og:locale\" content=\"fr_FR\" \/>\n<meta property=\"og:type\" content=\"article\" \/>\n<meta property=\"og:title\" content=\"Autres Modalit\u00e9s de Chasse | Campo Montiel\" \/>\n<meta property=\"og:description\" content=\"Autres Modalitit\u00e9s de chasse: Migrateur, Le lapin et au li\u00e9vre, Perdrix Rouge, Grande Chasse, Marcher et Fauconnerie\" \/>\n<meta property=\"og:url\" content=\"https:\/\/www.caceriascampodemontiel.com\/fr\/autres-modalites-de-chasse\/\" \/>\n<meta property=\"og:site_name\" content=\"Cacer\u00edas Campo de Montiel\" \/>\n<meta property=\"article:modified_time\" content=\"2023-12-20T10:12:06+00:00\" \/>\n<meta name=\"twitter:card\" content=\"summary_large_image\" \/>\n<meta name=\"twitter:label1\" content=\"Dur\u00e9e de lecture estim\u00e9e\" \/>\n\t<meta name=\"twitter:data1\" content=\"1 minute\" \/>\n<script type=\"application\/ld+json\" class=\"yoast-schema-graph\">{\"@context\":\"https:\\\/\\\/schema.org\",\"@graph\":[{\"@type\":\"WebPage\",\"@id\":\"https:\\\/\\\/www.caceriascampodemontiel.com\\\/fr\\\/autres-modalites-de-chasse\\\/\",\"url\":\"https:\\\/\\\/www.caceriascampodemontiel.com\\\/fr\\\/autres-modalites-de-chasse\\\/\",\"name\":\"Autres Modalit\u00e9s de Chasse | Campo Montiel\",\"isPartOf\":{\"@id\":\"https:\\\/\\\/www.caceriascampodemontiel.com\\\/#website\"},\"datePublished\":\"2021-05-07T11:50:17+00:00\",\"dateModified\":\"2023-12-20T10:12:06+00:00\",\"description\":\"Autres Modalitit\u00e9s de chasse: Migrateur, Le lapin et au li\u00e9vre, Perdrix Rouge, Grande Chasse, Marcher et Fauconnerie\",\"breadcrumb\":{\"@id\":\"https:\\\/\\\/www.caceriascampodemontiel.com\\\/fr\\\/autres-modalites-de-chasse\\\/#breadcrumb\"},\"inLanguage\":\"fr-FR\",\"potentialAction\":[{\"@type\":\"ReadAction\",\"target\":[\"https:\\\/\\\/www.caceriascampodemontiel.com\\\/fr\\\/autres-modalites-de-chasse\\\/\"]}]},{\"@type\":\"BreadcrumbList\",\"@id\":\"https:\\\/\\\/www.caceriascampodemontiel.com\\\/fr\\\/autres-modalites-de-chasse\\\/#breadcrumb\",\"itemListElement\":[{\"@type\":\"ListItem\",\"position\":1,\"name\":\"Home\",\"item\":\"https:\\\/\\\/www.caceriascampodemontiel.com\\\/fr\\\/accueil\\\/\"},{\"@type\":\"ListItem\",\"position\":2,\"name\":\"Autres modalit\u00e9s de Chasse\"}]},{\"@type\":\"WebSite\",\"@id\":\"https:\\\/\\\/www.caceriascampodemontiel.com\\\/#website\",\"url\":\"https:\\\/\\\/www.caceriascampodemontiel.com\\\/\",\"name\":\"Cacer\u00edas Campo de Montiel | Campo, caza y conservaci\u00f3n\",\"description\":\"Una tradici\u00f3n familiar desde 1971\",\"publisher\":{\"@id\":\"https:\\\/\\\/www.caceriascampodemontiel.com\\\/#organization\"},\"potentialAction\":[{\"@type\":\"SearchAction\",\"target\":{\"@type\":\"EntryPoint\",\"urlTemplate\":\"https:\\\/\\\/www.caceriascampodemontiel.com\\\/?s={search_term_string}\"},\"query-input\":{\"@type\":\"PropertyValueSpecification\",\"valueRequired\":true,\"valueName\":\"search_term_string\"}}],\"inLanguage\":\"fr-FR\"},{\"@type\":\"Organization\",\"@id\":\"https:\\\/\\\/www.caceriascampodemontiel.com\\\/#organization\",\"name\":\"Cacer\u00edas Campo de Montiel\",\"url\":\"https:\\\/\\\/www.caceriascampodemontiel.com\\\/\",\"logo\":{\"@type\":\"ImageObject\",\"inLanguage\":\"fr-FR\",\"@id\":\"https:\\\/\\\/www.caceriascampodemontiel.com\\\/#\\\/schema\\\/logo\\\/image\\\/\",\"url\":\"https:\\\/\\\/www.caceriascampodemontiel.com\\\/wp-content\\\/uploads\\\/2021\\\/02\\\/logo-cacerias-campo-de-montiel2-1.png\",\"contentUrl\":\"https:\\\/\\\/www.caceriascampodemontiel.com\\\/wp-content\\\/uploads\\\/2021\\\/02\\\/logo-cacerias-campo-de-montiel2-1.png\",\"width\":719,\"height\":194,\"caption\":\"Cacer\u00edas Campo de Montiel\"},\"image\":{\"@id\":\"https:\\\/\\\/www.caceriascampodemontiel.com\\\/#\\\/schema\\\/logo\\\/image\\\/\"}}]}<\/script>\n<!-- \/ Yoast SEO plugin. -->","yoast_head_json":{"title":"Autres Modalit\u00e9s de Chasse | Campo Montiel","description":"Autres Modalitit\u00e9s de chasse: Migrateur, Le lapin et au li\u00e9vre, Perdrix Rouge, Grande Chasse, Marcher et Fauconnerie","robots":{"index":"index","follow":"follow","max-snippet":"max-snippet:-1","max-image-preview":"max-image-preview:large","max-video-preview":"max-video-preview:-1"},"canonical":"https:\/\/www.caceriascampodemontiel.com\/fr\/autres-modalites-de-chasse\/","og_locale":"fr_FR","og_type":"article","og_title":"Autres Modalit\u00e9s de Chasse | Campo Montiel","og_description":"Autres Modalitit\u00e9s de chasse: Migrateur, Le lapin et au li\u00e9vre, Perdrix Rouge, Grande Chasse, Marcher et Fauconnerie","og_url":"https:\/\/www.caceriascampodemontiel.com\/fr\/autres-modalites-de-chasse\/","og_site_name":"Cacer\u00edas Campo de Montiel","article_modified_time":"2023-12-20T10:12:06+00:00","twitter_card":"summary_large_image","twitter_misc":{"Dur\u00e9e de lecture estim\u00e9e":"1 minute"},"schema":{"@context":"https:\/\/schema.org","@graph":[{"@type":"WebPage","@id":"https:\/\/www.caceriascampodemontiel.com\/fr\/autres-modalites-de-chasse\/","url":"https:\/\/www.caceriascampodemontiel.com\/fr\/autres-modalites-de-chasse\/","name":"Autres Modalit\u00e9s de Chasse | Campo Montiel","isPartOf":{"@id":"https:\/\/www.caceriascampodemontiel.com\/#website"},"datePublished":"2021-05-07T11:50:17+00:00","dateModified":"2023-12-20T10:12:06+00:00","description":"Autres Modalitit\u00e9s de chasse: Migrateur, Le lapin et au li\u00e9vre, Perdrix Rouge, Grande Chasse, Marcher et Fauconnerie","breadcrumb":{"@id":"https:\/\/www.caceriascampodemontiel.com\/fr\/autres-modalites-de-chasse\/#breadcrumb"},"inLanguage":"fr-FR","potentialAction":[{"@type":"ReadAction","target":["https:\/\/www.caceriascampodemontiel.com\/fr\/autres-modalites-de-chasse\/"]}]},{"@type":"BreadcrumbList","@id":"https:\/\/www.caceriascampodemontiel.com\/fr\/autres-modalites-de-chasse\/#breadcrumb","itemListElement":[{"@type":"ListItem","position":1,"name":"Home","item":"https:\/\/www.caceriascampodemontiel.com\/fr\/accueil\/"},{"@type":"ListItem","position":2,"name":"Autres modalit\u00e9s de Chasse"}]},{"@type":"WebSite","@id":"https:\/\/www.caceriascampodemontiel.com\/#website","url":"https:\/\/www.caceriascampodemontiel.com\/","name":"Cacer\u00edas Campo de Montiel | Campo, caza y conservaci\u00f3n","description":"Una tradici\u00f3n familiar desde 1971","publisher":{"@id":"https:\/\/www.caceriascampodemontiel.com\/#organization"},"potentialAction":[{"@type":"SearchAction","target":{"@type":"EntryPoint","urlTemplate":"https:\/\/www.caceriascampodemontiel.com\/?s={search_term_string}"},"query-input":{"@type":"PropertyValueSpecification","valueRequired":true,"valueName":"search_term_string"}}],"inLanguage":"fr-FR"},{"@type":"Organization","@id":"https:\/\/www.caceriascampodemontiel.com\/#organization","name":"Cacer\u00edas Campo de Montiel","url":"https:\/\/www.caceriascampodemontiel.com\/","logo":{"@type":"ImageObject","inLanguage":"fr-FR","@id":"https:\/\/www.caceriascampodemontiel.com\/#\/schema\/logo\/image\/","url":"https:\/\/www.caceriascampodemontiel.com\/wp-content\/uploads\/2021\/02\/logo-cacerias-campo-de-montiel2-1.png","contentUrl":"https:\/\/www.caceriascampodemontiel.com\/wp-content\/uploads\/2021\/02\/logo-cacerias-campo-de-montiel2-1.png","width":719,"height":194,"caption":"Cacer\u00edas Campo de Montiel"},"image":{"@id":"https:\/\/www.caceriascampodemontiel.com\/#\/schema\/logo\/image\/"}}]}},"_links":{"self":[{"href":"https:\/\/www.caceriascampodemontiel.com\/fr\/wp-json\/wp\/v2\/pages\/3345","targetHints":{"allow":["GET"]}}],"collection":[{"href":"https:\/\/www.caceriascampodemontiel.com\/fr\/wp-json\/wp\/v2\/pages"}],"about":[{"href":"https:\/\/www.caceriascampodemontiel.com\/fr\/wp-json\/wp\/v2\/types\/page"}],"author":[{"embeddable":true,"href":"https:\/\/www.caceriascampodemontiel.com\/fr\/wp-json\/wp\/v2\/users\/1"}],"replies":[{"embeddable":true,"href":"https:\/\/www.caceriascampodemontiel.com\/fr\/wp-json\/wp\/v2\/comments?post=3345"}],"version-history":[{"count":1,"href":"https:\/\/www.caceriascampodemontiel.com\/fr\/wp-json\/wp\/v2\/pages\/3345\/revisions"}],"predecessor-version":[{"id":3346,"href":"https:\/\/www.caceriascampodemontiel.com\/fr\/wp-json\/wp\/v2\/pages\/3345\/revisions\/3346"}],"wp:attachment":[{"href":"https:\/\/www.caceriascampodemontiel.com\/fr\/wp-json\/wp\/v2\/media?parent=3345"}],"curies":[{"name":"wp","href":"https:\/\/api.w.org\/{rel}","templated":true}]}}